{"id":4445,"date":"2024-11-24T12:23:41","date_gmt":"2024-11-24T12:23:41","guid":{"rendered":"https:\/\/www.1977u.com\/home\/"},"modified":"2025-04-30T07:31:51","modified_gmt":"2025-04-30T07:31:51","slug":"paper-sticks-home","status":"publish","type":"page","link":"https:\/\/www.1977u.com\/it\/paper-sticks-home\/","title":{"rendered":"Paper sticks Home"},"content":{"rendered":"<div data-elementor-type=\"wp-page\" data-elementor-id=\"4445\" class=\"elementor elementor-4445\" data-elementor-post-type=\"page\">\n\t\t\t\t<div class=\"elementor-element elementor-element-2cb5f4f e-con-full e-flex e-con e-parent\" data-id=\"2cb5f4f\" data-element_type=\"container\" data-e-type=\"container\" data-settings=\"{&quot;background_background&quot;:&quot;classic&quot;}\">\n\t\t\t\t<div class=\"elementor-element elementor-element-de48581 elementor-widget elementor-widget-heading\" data-id=\"de48581\" data-element_type=\"widget\" data-e-type=\"widget\" data-widget_type=\"heading.default\">\n\t\t\t\t<div class=\"elementor-widget-container\">\n\t\t\t\t\t<h3 class=\"elementor-heading-title elementor-size-default\">Specializzato<\/h3>\t\t\t\t<\/div>\n\t\t\t\t<\/div>\n\t\t\t\t<div class=\"elementor-element elementor-element-8966e55 elementor-widget-divider--view-line elementor-widget elementor-widget-divider\" data-id=\"8966e55\" data-element_type=\"widget\" data-e-type=\"widget\" data-widget_type=\"divider.default\">\n\t\t\t\t<div class=\"elementor-widget-container\">\n\t\t\t\t\t\t\t<div class=\"elementor-divider\">\n\t\t\t<span class=\"elementor-divider-separator\">\n\t\t\t\t\t\t<\/span>\n\t\t<\/div>\n\t\t\t\t\t\t<\/div>\n\t\t\t\t<\/div>\n\t\t\t\t<div class=\"elementor-element elementor-element-c7345d2 elementor-widget elementor-widget-heading\" data-id=\"c7345d2\" data-element_type=\"widget\" data-e-type=\"widget\" data-widget_type=\"heading.default\">\n\t\t\t\t<div class=\"elementor-widget-container\">\n\t\t\t\t\t<h1 class=\"elementor-heading-title elementor-size-default\">Produttore di bastoncini di carta<\/h1>\t\t\t\t<\/div>\n\t\t\t\t<\/div>\n\t\t\t\t<\/div>\n\t\t<div class=\"elementor-element elementor-element-a777f48 e-flex e-con-boxed e-con e-parent\" data-id=\"a777f48\" data-element_type=\"container\" data-e-type=\"container\" data-settings=\"{&quot;background_background&quot;:&quot;classic&quot;}\">\n\t\t\t\t\t<div class=\"e-con-inner\">\n\t\t<div class=\"elementor-element elementor-element-43d6379 e-con-full e-flex e-con e-child\" data-id=\"43d6379\" data-element_type=\"container\" data-e-type=\"container\">\n\t\t\t\t<div class=\"elementor-element elementor-element-1ccd2ff elementor-widget elementor-widget-image\" data-id=\"1ccd2ff\" data-element_type=\"widget\" data-e-type=\"widget\" data-widget_type=\"image.default\">\n\t\t\t\t<div class=\"elementor-widget-container\">\n\t\t\t\t\t\t\t\t\t\t\t\t\t\t\t<img decoding=\"async\" width=\"200\" height=\"154\" src=\"https:\/\/2012i.com\/wp-content\/uploads\/2018\/11\/quote-1.png\" class=\"attachment-full size-full wp-image-132\" alt=\"\" \/>\t\t\t\t\t\t\t\t\t\t\t\t\t\t\t<\/div>\n\t\t\t\t<\/div>\n\t\t\t\t<\/div>\n\t\t<div class=\"elementor-element elementor-element-437ea03 e-con-full e-flex e-con e-child\" data-id=\"437ea03\" data-element_type=\"container\" data-e-type=\"container\" data-settings=\"{&quot;background_background&quot;:&quot;classic&quot;}\">\n\t\t\t\t<div class=\"elementor-element elementor-element-c2eefd3 elementor-widget elementor-widget-testimonial\" data-id=\"c2eefd3\" data-element_type=\"widget\" data-e-type=\"widget\" data-widget_type=\"testimonial.default\">\n\t\t\t\t<div class=\"elementor-widget-container\">\n\t\t\t\t\t\t\t<div class=\"elementor-testimonial-wrapper\">\n\t\t\t\t\t\t\t<div class=\"elementor-testimonial-content\">Questa \u00e8 una fabbrica che effettua uno sviluppo approfondito dei bastoncini di carta. Ha prodotti specializzati per vari usi e vale la pena di essere affidata!<\/div>\n\t\t\t\n\t\t\t\t\t\t<div class=\"elementor-testimonial-meta\">\n\t\t\t\t<div class=\"elementor-testimonial-meta-inner\">\n\t\t\t\t\t\n\t\t\t\t\t\t\t\t\t\t<div class=\"elementor-testimonial-details\">\n\t\t\t\t\t\t\t\t\t\t\t\t\t\t<div class=\"elementor-testimonial-name\">- Jackson<\/div>\n\t\t\t\t\t\t\t\t\t\t\t\t\t\t\t\t\t\t\t<\/div>\n\t\t\t\t\t\t\t\t\t<\/div>\n\t\t\t<\/div>\n\t\t\t\t\t<\/div>\n\t\t\t\t\t\t<\/div>\n\t\t\t\t<\/div>\n\t\t\t\t<\/div>\n\t\t\t\t\t<\/div>\n\t\t\t\t<\/div>\n\t\t<div class=\"elementor-element elementor-element-556ef17 e-flex e-con-boxed e-con e-parent\" data-id=\"556ef17\" data-element_type=\"container\" data-e-type=\"container\">\n\t\t\t\t\t<div class=\"e-con-inner\">\n\t\t<div class=\"elementor-element elementor-element-40552d9 e-con-full e-flex e-con e-child\" data-id=\"40552d9\" data-element_type=\"container\" data-e-type=\"container\">\n\t\t\t\t<div class=\"elementor-element elementor-element-2fa8427 elementor-widget elementor-widget-heading\" data-id=\"2fa8427\" data-element_type=\"widget\" data-e-type=\"widget\" data-widget_type=\"heading.default\">\n\t\t\t\t<div class=\"elementor-widget-container\">\n\t\t\t\t\t<h2 class=\"elementor-heading-title elementor-size-default\">Classificazione dell'aspetto<\/h2>\t\t\t\t<\/div>\n\t\t\t\t<\/div>\n\t\t\t\t<div class=\"elementor-element elementor-element-e9a8110 elementor-widget-divider--view-line elementor-widget elementor-widget-divider\" data-id=\"e9a8110\" data-element_type=\"widget\" data-e-type=\"widget\" data-widget_type=\"divider.default\">\n\t\t\t\t<div class=\"elementor-widget-container\">\n\t\t\t\t\t\t\t<div class=\"elementor-divider\">\n\t\t\t<span class=\"elementor-divider-separator\">\n\t\t\t\t\t\t<\/span>\n\t\t<\/div>\n\t\t\t\t\t\t<\/div>\n\t\t\t\t<\/div>\n\t\t<div class=\"elementor-element elementor-element-0e50bf9 e-con-full e-flex e-con e-child\" data-id=\"0e50bf9\" data-element_type=\"container\" data-e-type=\"container\">\n\t\t<div class=\"elementor-element elementor-element-b2acd4a e-con-full e-flex e-con e-child\" data-id=\"b2acd4a\" data-element_type=\"container\" data-e-type=\"container\">\n\t\t\t\t<div class=\"elementor-element elementor-element-5818b3c elementor-widget elementor-widget-image\" data-id=\"5818b3c\" data-element_type=\"widget\" data-e-type=\"widget\" data-widget_type=\"image.default\">\n\t\t\t\t<div class=\"elementor-widget-container\">\n\t\t\t\t\t\t\t\t\t\t\t\t\t\t\t<img fetchpriority=\"high\" decoding=\"async\" width=\"644\" height=\"402\" src=\"https:\/\/2012i.com\/wp-content\/uploads\/2024\/12\/mxmp.webp\" class=\"attachment-full size-full wp-image-5548\" alt=\"Paper sticks, including scented paper sticks, lollipop paper sticks, candy paper sticks, cotton swab paper sticks, three-dimensional paper sticks and colored paper sticks\" srcset=\"https:\/\/2012i.com\/wp-content\/uploads\/2024\/12\/mxmp.webp 644w, https:\/\/2012i.com\/wp-content\/uploads\/2024\/12\/mxmp-300x187.webp 300w, https:\/\/2012i.com\/wp-content\/uploads\/2024\/12\/mxmp-18x12.webp 18w\" sizes=\"(max-width: 644px) 100vw, 644px\" \/>\t\t\t\t\t\t\t\t\t\t\t\t\t\t\t<\/div>\n\t\t\t\t<\/div>\n\t\t\t\t<div class=\"elementor-element elementor-element-984f40e elementor-widget elementor-widget-image-box\" data-id=\"984f40e\" data-element_type=\"widget\" data-e-type=\"widget\" data-widget_type=\"image-box.default\">\n\t\t\t\t<div class=\"elementor-widget-container\">\n\t\t\t\t\t<div class=\"elementor-image-box-wrapper\"><div class=\"elementor-image-box-content\"><h5 class=\"elementor-image-box-title\">Bastoncini di carta tridimensionali<\/h5><p class=\"elementor-image-box-description\">I bastoncini di carta tridimensionali hanno un migliore tatto e propriet\u00e0 uniche correlate, con una superficie pi\u00f9 grande. Ad esempio, i bastoncini di carta per i diffusori di fragranza senza liquido adottano questo tipo di superficie, che ha un ottimo effetto nel diffondere le fragranze. Questo prodotto \u00e8 un prodotto brevettato della nostra azienda.<\/p><\/div><\/div>\t\t\t\t<\/div>\n\t\t\t\t<\/div>\n\t\t\t\t<\/div>\n\t\t<div class=\"elementor-element elementor-element-80afafb e-con-full e-flex e-con e-child\" data-id=\"80afafb\" data-element_type=\"container\" data-e-type=\"container\">\n\t\t\t\t<div class=\"elementor-element elementor-element-e2faee6 elementor-widget elementor-widget-image\" data-id=\"e2faee6\" data-element_type=\"widget\" data-e-type=\"widget\" data-widget_type=\"image.default\">\n\t\t\t\t<div class=\"elementor-widget-container\">\n\t\t\t\t\t\t\t\t\t\t\t\t\t\t\t<img decoding=\"async\" width=\"644\" height=\"402\" src=\"https:\/\/2012i.com\/wp-content\/uploads\/2024\/12\/pingmian-1.webp\" class=\"attachment-full size-full wp-image-5547\" alt=\"Paper Stick Supplier: Customized Lollipop, Candy &amp; More Paper Sticks\" srcset=\"https:\/\/2012i.com\/wp-content\/uploads\/2024\/12\/pingmian-1.webp 644w, https:\/\/2012i.com\/wp-content\/uploads\/2024\/12\/pingmian-1-300x187.webp 300w, https:\/\/2012i.com\/wp-content\/uploads\/2024\/12\/pingmian-1-18x12.webp 18w\" sizes=\"(max-width: 644px) 100vw, 644px\" \/>\t\t\t\t\t\t\t\t\t\t\t\t\t\t\t<\/div>\n\t\t\t\t<\/div>\n\t\t\t\t<div class=\"elementor-element elementor-element-53001c6 elementor-widget elementor-widget-image-box\" data-id=\"53001c6\" data-element_type=\"widget\" data-e-type=\"widget\" data-widget_type=\"image-box.default\">\n\t\t\t\t<div class=\"elementor-widget-container\">\n\t\t\t\t\t<div class=\"elementor-image-box-wrapper\"><div class=\"elementor-image-box-content\"><h5 class=\"elementor-image-box-title\">Bastoncini di carta planari (Superficie liscia)<\/h5><p class=\"elementor-image-box-description\">I bastoncini di carta piani sono generalmente utilizzati per i prodotti senza esigenze di prestazioni pertinenti. I bastoncini di carta piani di classe A della nostra azienda mantengono la piattezza naturale e la morbidezza naturale del carta e non sono incerati n\u00e9 lucidati. (I bastoncini di carta incerati sono dannosi per la salute come il riso incerato.)<\/p><\/div><\/div>\t\t\t\t<\/div>\n\t\t\t\t<\/div>\n\t\t\t\t<\/div>\n\t\t\t\t<\/div>\n\t\t\t\t<\/div>\n\t\t\t\t\t<\/div>\n\t\t\t\t<\/div>\n\t\t<div class=\"elementor-element elementor-element-44c2314 e-flex e-con-boxed e-con e-parent\" data-id=\"44c2314\" data-element_type=\"container\" data-e-type=\"container\">\n\t\t\t\t\t<div class=\"e-con-inner\">\n\t\t<div class=\"elementor-element elementor-element-efa56d1 e-con-full e-flex e-con e-child\" data-id=\"efa56d1\" data-element_type=\"container\" data-e-type=\"container\">\n\t\t\t\t<div class=\"elementor-element elementor-element-f558beb elementor-widget elementor-widget-heading\" data-id=\"f558beb\" data-element_type=\"widget\" data-e-type=\"widget\" data-widget_type=\"heading.default\">\n\t\t\t\t<div class=\"elementor-widget-container\">\n\t\t\t\t\t<h2 class=\"elementor-heading-title elementor-size-default\">Varie applicazioni<\/h2>\t\t\t\t<\/div>\n\t\t\t\t<\/div>\n\t\t\t\t<div class=\"elementor-element elementor-element-0103f63 elementor-widget-divider--view-line elementor-widget elementor-widget-divider\" data-id=\"0103f63\" data-element_type=\"widget\" data-e-type=\"widget\" data-widget_type=\"divider.default\">\n\t\t\t\t<div class=\"elementor-widget-container\">\n\t\t\t\t\t\t\t<div class=\"elementor-divider\">\n\t\t\t<span class=\"elementor-divider-separator\">\n\t\t\t\t\t\t<\/span>\n\t\t<\/div>\n\t\t\t\t\t\t<\/div>\n\t\t\t\t<\/div>\n\t\t<div class=\"elementor-element elementor-element-d40ffa4 e-con-full e-flex e-con e-child\" data-id=\"d40ffa4\" data-element_type=\"container\" data-e-type=\"container\">\n\t\t<div class=\"elementor-element elementor-element-86c088a e-con-full e-flex e-con e-child\" data-id=\"86c088a\" data-element_type=\"container\" data-e-type=\"container\">\n\t\t\t\t<div class=\"elementor-element elementor-element-6f10047 elementor-widget elementor-widget-image\" data-id=\"6f10047\" data-element_type=\"widget\" data-e-type=\"widget\" data-widget_type=\"image.default\">\n\t\t\t\t<div class=\"elementor-widget-container\">\n\t\t\t\t\t\t\t\t\t\t\t\t\t\t\t<img loading=\"lazy\" decoding=\"async\" width=\"644\" height=\"402\" src=\"https:\/\/2012i.com\/wp-content\/uploads\/2024\/12\/food-paper-stick.webp\" class=\"attachment-full size-full wp-image-5552\" alt=\"Paper Sticks Supplier: Lollipop, Candy &amp; Diffuser Paper Sticks\" srcset=\"https:\/\/2012i.com\/wp-content\/uploads\/2024\/12\/food-paper-stick.webp 644w, https:\/\/2012i.com\/wp-content\/uploads\/2024\/12\/food-paper-stick-300x187.webp 300w, https:\/\/2012i.com\/wp-content\/uploads\/2024\/12\/food-paper-stick-18x12.webp 18w\" sizes=\"(max-width: 644px) 100vw, 644px\" \/>\t\t\t\t\t\t\t\t\t\t\t\t\t\t\t<\/div>\n\t\t\t\t<\/div>\n\t\t\t\t<div class=\"elementor-element elementor-element-96fdc2f elementor-widget elementor-widget-image-box\" data-id=\"96fdc2f\" data-element_type=\"widget\" data-e-type=\"widget\" data-widget_type=\"image-box.default\">\n\t\t\t\t<div class=\"elementor-widget-container\">\n\t\t\t\t\t<div class=\"elementor-image-box-wrapper\"><div class=\"elementor-image-box-content\"><h5 class=\"elementor-image-box-title\">Applicazioni nel settore alimentare<\/h5><p class=\"elementor-image-box-description\">I bastoncini di carta vengono usati come maniglie di supporto per i cibi correlati, come le caramelle al bastoncino, la spuma di zucchero e i frutti canditi infilati. Sono prodotti utilizzando veri materiali e processi di qualit\u00e0 alimentare, e vengono sterilizzati prima della uscita dall'azienda, rispettando davvero le normative di sicurezza alimentare pertinenti. Sono spesso chiamati prodotti di qualit\u00e0 A. I prodotti che fanno dei giri di bottino sono prodotti di qualit\u00e0 B o ancora peggio. In effetti, il prezzo unitario determina la qualit\u00e0.<\/p><\/div><\/div>\t\t\t\t<\/div>\n\t\t\t\t<\/div>\n\t\t\t\t<\/div>\n\t\t<div class=\"elementor-element elementor-element-894b176 e-con-full e-flex e-con e-child\" data-id=\"894b176\" data-element_type=\"container\" data-e-type=\"container\">\n\t\t\t\t<div class=\"elementor-element elementor-element-f07073a elementor-widget elementor-widget-image\" data-id=\"f07073a\" data-element_type=\"widget\" data-e-type=\"widget\" data-widget_type=\"image.default\">\n\t\t\t\t<div class=\"elementor-widget-container\">\n\t\t\t\t\t\t\t\t\t\t\t\t\t\t\t<img loading=\"lazy\" decoding=\"async\" width=\"644\" height=\"402\" src=\"https:\/\/2012i.com\/wp-content\/uploads\/2025\/01\/scented-paper-sticks-01.webp\" class=\"attachment-full size-full wp-image-5705\" alt=\"Paper Stick Producer: High - Quality Lollipop, Candy &amp; Diffuser Sticks\" srcset=\"https:\/\/2012i.com\/wp-content\/uploads\/2025\/01\/scented-paper-sticks-01.webp 644w, https:\/\/2012i.com\/wp-content\/uploads\/2025\/01\/scented-paper-sticks-01-300x187.webp 300w, https:\/\/2012i.com\/wp-content\/uploads\/2025\/01\/scented-paper-sticks-01-18x12.webp 18w\" sizes=\"(max-width: 644px) 100vw, 644px\" \/>\t\t\t\t\t\t\t\t\t\t\t\t\t\t\t<\/div>\n\t\t\t\t<\/div>\n\t\t\t\t<div class=\"elementor-element elementor-element-a798b3b elementor-widget elementor-widget-image-box\" data-id=\"a798b3b\" data-element_type=\"widget\" data-e-type=\"widget\" data-widget_type=\"image-box.default\">\n\t\t\t\t<div class=\"elementor-widget-container\">\n\t\t\t\t\t<div class=\"elementor-image-box-wrapper\"><div class=\"elementor-image-box-content\"><h5 class=\"elementor-image-box-title\">Applicazioni nell'industria<\/h5><p class=\"elementor-image-box-description\">Gli usi dei bastoncini di carta diversi da quelli per il cibo sono tutti raggruppati sotto il nome di usi industriali. Le propriet\u00e0 rilevanti dei bastoncini di carta per diversi usi industriali non sono le stesse. Per esempio, i bastoncini di carta profumati si concentrano sull'assorbimento e la diffusione, mentre i bastoncini di carta per tamponi di cotone si concentrano sulla resistenza e cos\u00ec via. Le materie prime e i processi dei prodotti per diversi usi sono diversi, e anche i costi.<\/p><\/div><\/div>\t\t\t\t<\/div>\n\t\t\t\t<\/div>\n\t\t\t\t<\/div>\n\t\t\t\t<\/div>\n\t\t\t\t<\/div>\n\t\t\t\t\t<\/div>\n\t\t\t\t<\/div>\n\t\t<div class=\"elementor-element elementor-element-24c68a1 e-flex e-con-boxed e-con e-parent\" data-id=\"24c68a1\" data-element_type=\"container\" data-e-type=\"container\" data-settings=\"{&quot;background_background&quot;:&quot;classic&quot;}\">\n\t\t\t\t\t<div class=\"e-con-inner\">\n\t\t<div class=\"elementor-element elementor-element-c761d1d e-con-full e-flex e-con e-child\" data-id=\"c761d1d\" data-element_type=\"container\" data-e-type=\"container\">\n\t\t\t\t<div class=\"elementor-element elementor-element-c004b04 elementor-widget elementor-widget-heading\" data-id=\"c004b04\" data-element_type=\"widget\" data-e-type=\"widget\" data-widget_type=\"heading.default\">\n\t\t\t\t<div class=\"elementor-widget-container\">\n\t\t\t\t\t<h2 class=\"elementor-heading-title elementor-size-default\">Riguardo alle materie prime<\/h2>\t\t\t\t<\/div>\n\t\t\t\t<\/div>\n\t\t\t\t<div class=\"elementor-element elementor-element-93ea5d2 elementor-widget-divider--view-line elementor-widget elementor-widget-divider\" data-id=\"93ea5d2\" data-element_type=\"widget\" data-e-type=\"widget\" data-widget_type=\"divider.default\">\n\t\t\t\t<div class=\"elementor-widget-container\">\n\t\t\t\t\t\t\t<div class=\"elementor-divider\">\n\t\t\t<span class=\"elementor-divider-separator\">\n\t\t\t\t\t\t<\/span>\n\t\t<\/div>\n\t\t\t\t\t\t<\/div>\n\t\t\t\t<\/div>\n\t\t\t\t<div class=\"elementor-element elementor-element-ccfcc53 elementor-widget elementor-widget-text-editor\" data-id=\"ccfcc53\" data-element_type=\"widget\" data-e-type=\"widget\" data-widget_type=\"text-editor.default\">\n\t\t\t\t<div class=\"elementor-widget-container\">\n\t\t\t\t\t\t\t\t\t<p>Anche se le materie prime utilizzate per i bastoncini di carta per diversi usi sono tutte carta, in realt\u00e0 le formule e i processi di produzione della carta sono diversi. Le materie prime rilevanti sono state sviluppate in collaborazione tra la nostra azienda e la cartiera per un lungo periodo di tempo.<\/p>\t\t\t\t\t\t\t\t<\/div>\n\t\t\t\t<\/div>\n\t\t\t\t<\/div>\n\t\t\t\t\t<\/div>\n\t\t\t\t<\/div>\n\t\t<div class=\"elementor-element elementor-element-3565d7f e-flex e-con-boxed e-con e-parent\" data-id=\"3565d7f\" data-element_type=\"container\" data-e-type=\"container\">\n\t\t\t\t\t<div class=\"e-con-inner\">\n\t\t<div class=\"elementor-element elementor-element-4b4cc56 e-con-full e-flex e-con e-child\" data-id=\"4b4cc56\" data-element_type=\"container\" data-e-type=\"container\">\n\t\t\t\t<div class=\"elementor-element elementor-element-53a062c elementor-widget elementor-widget-heading\" data-id=\"53a062c\" data-element_type=\"widget\" data-e-type=\"widget\" data-widget_type=\"heading.default\">\n\t\t\t\t<div class=\"elementor-widget-container\">\n\t\t\t\t\t<h2 class=\"elementor-heading-title elementor-size-default\">Su di noi<\/h2>\t\t\t\t<\/div>\n\t\t\t\t<\/div>\n\t\t\t\t<div class=\"elementor-element elementor-element-fab470c elementor-widget-divider--view-line elementor-widget elementor-widget-divider\" data-id=\"fab470c\" data-element_type=\"widget\" data-e-type=\"widget\" data-widget_type=\"divider.default\">\n\t\t\t\t<div class=\"elementor-widget-container\">\n\t\t\t\t\t\t\t<div class=\"elementor-divider\">\n\t\t\t<span class=\"elementor-divider-separator\">\n\t\t\t\t\t\t<\/span>\n\t\t<\/div>\n\t\t\t\t\t\t<\/div>\n\t\t\t\t<\/div>\n\t\t\t\t<div class=\"elementor-element elementor-element-ce554e8 elementor-widget__width-initial elementor-widget elementor-widget-text-editor\" data-id=\"ce554e8\" data-element_type=\"widget\" data-e-type=\"widget\" data-widget_type=\"text-editor.default\">\n\t\t\t\t<div class=\"elementor-widget-container\">\n\t\t\t\t\t\t\t\t\t<p>La nostra fabbrica ha eliminato da tempo le macchine tradizionali per i bastoncini di carta e ha completamente sviluppato e migliorato in modo totalmente indipendente gli equipaggiamenti di produzione correlati. I prodotti con requisiti diversi vengono prodotti in diversi laboratori e con diversi equipaggiamenti. I processi di produzione e le macchine per i prodotti con diversi usi non sono gli stessi. Alcuni richiedono addirittura l'uso di macchine speciali senza colla. Alcuni prodotti vengono fabbricati in laboratori senza polvere, mentre altri vengono prodotti in laboratori di purificazione. I prodotti personalizzati generalmente richiedono la personalizzazione dei relativi stampi. Stiamo facendo del nostro meglio per servire i nostri clienti con la migliore qualit\u00e0!<\/p>\t\t\t\t\t\t\t\t<\/div>\n\t\t\t\t<\/div>\n\t\t\t\t<\/div>\n\t\t\t\t<div class=\"elementor-element elementor-element-89cd348 elementor-widget__width-initial elementor-widget elementor-widget-image\" data-id=\"89cd348\" data-element_type=\"widget\" data-e-type=\"widget\" data-widget_type=\"image.default\">\n\t\t\t\t<div class=\"elementor-widget-container\">\n\t\t\t\t\t\t\t\t\t\t\t\t\t\t\t<img loading=\"lazy\" decoding=\"async\" width=\"385\" height=\"378\" src=\"https:\/\/2012i.com\/wp-content\/uploads\/2025\/04\/wujiao.webp\" class=\"attachment-full size-full wp-image-8462\" alt=\"Paper Stick Producer: High - Quality Lollipop, Candy &amp; Diffuser Sticks\" srcset=\"https:\/\/2012i.com\/wp-content\/uploads\/2025\/04\/wujiao.webp 385w, https:\/\/2012i.com\/wp-content\/uploads\/2025\/04\/wujiao-300x295.webp 300w, https:\/\/2012i.com\/wp-content\/uploads\/2025\/04\/wujiao-12x12.webp 12w\" sizes=\"(max-width: 385px) 100vw, 385px\" \/>\t\t\t\t\t\t\t\t\t\t\t\t\t\t\t<\/div>\n\t\t\t\t<\/div>\n\t\t\t\t\t<\/div>\n\t\t\t\t<\/div>\n\t\t\t\t<\/div>","protected":false},"excerpt":{"rendered":"<p>Specialized Paper Stick Manufacturer This is a factory that conducts in-depth development of paper sticks. It has specialized products for various uses and is worthy of reliance! &#8211; Jackson Appearance Classification Three-dimensional Paper Sticks (Three-dimensional Surface) Three-dimensional paper sticks have a better hand feel and related unique properties, with a larger surface area. For example, [&hellip;]<\/p>\n","protected":false},"author":2,"featured_media":0,"parent":0,"menu_order":0,"comment_status":"closed","ping_status":"closed","template":"","meta":{"site-sidebar-layout":"no-sidebar","site-content-layout":"page-builder","ast-site-content-layout":"full-width-container","site-content-style":"unboxed","site-sidebar-style":"unboxed","ast-global-header-display":"","ast-banner-title-visibility":"","ast-main-header-display":"","ast-hfb-above-header-display":"","ast-hfb-below-header-display":"","ast-hfb-mobile-header-display":"","site-post-title":"disabled","ast-breadcrumbs-content":"","ast-featured-img":"disabled","footer-sml-layout":"","ast-disable-related-posts":"","theme-transparent-header-meta":"enabled","adv-header-id-meta":"","stick-header-meta":"","header-above-stick-meta":"","header-main-stick-meta":"","header-below-stick-meta":"","astra-migrate-meta-layouts":"set","ast-page-background-enabled":"default","ast-page-background-meta":{"desktop":{"background-color":"","background-image":"","background-repeat":"repeat","background-position":"center center","background-size":"auto","background-attachment":"scroll","background-type":"","background-media":"","overlay-type":"","overlay-color":"","overlay-opacity":"","overlay-gradient":""},"tablet":{"background-color":"","background-image":"","background-repeat":"repeat","background-position":"center center","background-size":"auto","background-attachment":"scroll","background-type":"","background-media":"","overlay-type":"","overlay-color":"","overlay-opacity":"","overlay-gradient":""},"mobile":{"background-color":"","background-image":"","background-repeat":"repeat","background-position":"center center","background-size":"auto","background-attachment":"scroll","background-type":"","background-media":"","overlay-type":"","overlay-color":"","overlay-opacity":"","overlay-gradient":""}},"ast-content-background-meta":{"desktop":{"background-color":"var(--ast-global-color-5)","background-image":"","background-repeat":"repeat","background-position":"center center","background-size":"auto","background-attachment":"scroll","background-type":"","background-media":"","overlay-type":"","overlay-color":"","overlay-opacity":"","overlay-gradient":""},"tablet":{"background-color":"var(--ast-global-color-5)","background-image":"","background-repeat":"repeat","background-position":"center center","background-size":"auto","background-attachment":"scroll","background-type":"","background-media":"","overlay-type":"","overlay-color":"","overlay-opacity":"","overlay-gradient":""},"mobile":{"background-color":"var(--ast-global-color-5)","background-image":"","background-repeat":"repeat","background-position":"center center","background-size":"auto","background-attachment":"scroll","background-type":"","background-media":"","overlay-type":"","overlay-color":"","overlay-opacity":"","overlay-gradient":""}},"footnotes":""},"class_list":["post-4445","page","type-page","status-publish","hentry"],"aioseo_notices":[],"_links":{"self":[{"href":"https:\/\/www.1977u.com\/it\/wp-json\/wp\/v2\/pages\/4445","targetHints":{"allow":["GET"]}}],"collection":[{"href":"https:\/\/www.1977u.com\/it\/wp-json\/wp\/v2\/pages"}],"about":[{"href":"https:\/\/www.1977u.com\/it\/wp-json\/wp\/v2\/types\/page"}],"author":[{"embeddable":true,"href":"https:\/\/www.1977u.com\/it\/wp-json\/wp\/v2\/users\/2"}],"replies":[{"embeddable":true,"href":"https:\/\/www.1977u.com\/it\/wp-json\/wp\/v2\/comments?post=4445"}],"version-history":[{"count":272,"href":"https:\/\/www.1977u.com\/it\/wp-json\/wp\/v2\/pages\/4445\/revisions"}],"predecessor-version":[{"id":8465,"href":"https:\/\/www.1977u.com\/it\/wp-json\/wp\/v2\/pages\/4445\/revisions\/8465"}],"wp:attachment":[{"href":"https:\/\/www.1977u.com\/it\/wp-json\/wp\/v2\/media?parent=4445"}],"curies":[{"name":"wp","href":"https:\/\/api.w.org\/{rel}","templated":true}]}}