{"id":5719,"date":"2025-01-07T01:55:04","date_gmt":"2025-01-07T01:55:04","guid":{"rendered":"https:\/\/www.1977u.com\/?page_id=5719"},"modified":"2025-06-01T05:39:23","modified_gmt":"2025-06-01T05:39:23","slug":"fiber","status":"publish","type":"page","link":"https:\/\/www.1977u.com\/fr\/fiber\/","title":{"rendered":"Fiber home"},"content":{"rendered":"<div data-elementor-type=\"wp-page\" data-elementor-id=\"5719\" class=\"elementor elementor-5719\" data-elementor-post-type=\"page\">\n\t\t\t\t<div class=\"elementor-element elementor-element-66ab8cd0 e-con-full e-flex e-con e-parent\" data-id=\"66ab8cd0\" data-element_type=\"container\" data-e-type=\"container\" data-settings=\"{&quot;background_background&quot;:&quot;classic&quot;}\">\n\t\t\t\t<div class=\"elementor-element elementor-element-1a7e9a24 elementor-widget elementor-widget-heading\" data-id=\"1a7e9a24\" data-element_type=\"widget\" data-e-type=\"widget\" data-widget_type=\"heading.default\">\n\t\t\t\t<div class=\"elementor-widget-container\">\n\t\t\t\t\t<h3 class=\"elementor-heading-title elementor-size-default\">Sp\u00e9cialis\u00e9<\/h3>\t\t\t\t<\/div>\n\t\t\t\t<\/div>\n\t\t\t\t<div class=\"elementor-element elementor-element-7ae6df80 elementor-widget-divider--view-line elementor-widget elementor-widget-divider\" data-id=\"7ae6df80\" data-element_type=\"widget\" data-e-type=\"widget\" data-widget_type=\"divider.default\">\n\t\t\t\t<div class=\"elementor-widget-container\">\n\t\t\t\t\t\t\t<div class=\"elementor-divider\">\n\t\t\t<span class=\"elementor-divider-separator\">\n\t\t\t\t\t\t<\/span>\n\t\t<\/div>\n\t\t\t\t\t\t<\/div>\n\t\t\t\t<\/div>\n\t\t\t\t<div class=\"elementor-element elementor-element-5fb11ee1 elementor-widget elementor-widget-heading\" data-id=\"5fb11ee1\" data-element_type=\"widget\" data-e-type=\"widget\" data-widget_type=\"heading.default\">\n\t\t\t\t<div class=\"elementor-widget-container\">\n\t\t\t\t\t<h1 class=\"elementor-heading-title elementor-size-default\">Fabricant de produits en fibres<\/h1>\t\t\t\t<\/div>\n\t\t\t\t<\/div>\n\t\t\t\t<\/div>\n\t\t<div class=\"elementor-element elementor-element-182a7d22 e-flex e-con-boxed e-con e-parent\" data-id=\"182a7d22\" data-element_type=\"container\" data-e-type=\"container\" data-settings=\"{&quot;background_background&quot;:&quot;classic&quot;}\">\n\t\t\t\t\t<div class=\"e-con-inner\">\n\t\t<div class=\"elementor-element elementor-element-34558646 e-con-full e-flex e-con e-child\" data-id=\"34558646\" data-element_type=\"container\" data-e-type=\"container\">\n\t\t\t\t<div class=\"elementor-element elementor-element-3a745077 elementor-widget elementor-widget-image\" data-id=\"3a745077\" data-element_type=\"widget\" data-e-type=\"widget\" data-widget_type=\"image.default\">\n\t\t\t\t<div class=\"elementor-widget-container\">\n\t\t\t\t\t\t\t\t\t\t\t\t\t\t\t<img decoding=\"async\" width=\"200\" height=\"154\" src=\"https:\/\/1977u.com\/wp-content\/uploads\/2018\/11\/quote-1.png\" class=\"attachment-full size-full wp-image-132\" alt=\"\" \/>\t\t\t\t\t\t\t\t\t\t\t\t\t\t\t<\/div>\n\t\t\t\t<\/div>\n\t\t\t\t<\/div>\n\t\t<div class=\"elementor-element elementor-element-33d8d655 e-con-full e-flex e-con e-child\" data-id=\"33d8d655\" data-element_type=\"container\" data-e-type=\"container\" data-settings=\"{&quot;background_background&quot;:&quot;classic&quot;}\">\n\t\t\t\t<div class=\"elementor-element elementor-element-4ed02971 elementor-widget__width-inherit elementor-widget elementor-widget-testimonial\" data-id=\"4ed02971\" data-element_type=\"widget\" data-e-type=\"widget\" data-widget_type=\"testimonial.default\">\n\t\t\t\t<div class=\"elementor-widget-container\">\n\t\t\t\t\t\t\t<div class=\"elementor-testimonial-wrapper\">\n\t\t\t\t\t\t\t<div class=\"elementor-testimonial-content\">Ceci est une usine qui effectue un d\u00e9veloppement approfondi des produits en fibres. Elle dispose de produits professionnels destin\u00e9s \u00e0 diverses finalit\u00e9s et est digne de confiance!<\/div>\n\t\t\t\n\t\t\t\t\t\t<div class=\"elementor-testimonial-meta\">\n\t\t\t\t<div class=\"elementor-testimonial-meta-inner\">\n\t\t\t\t\t\n\t\t\t\t\t\t\t\t\t\t<div class=\"elementor-testimonial-details\">\n\t\t\t\t\t\t\t\t\t\t\t\t\t\t<div class=\"elementor-testimonial-name\">- Anne<\/div>\n\t\t\t\t\t\t\t\t\t\t\t\t\t\t\t\t\t\t\t<\/div>\n\t\t\t\t\t\t\t\t\t<\/div>\n\t\t\t<\/div>\n\t\t\t\t\t<\/div>\n\t\t\t\t\t\t<\/div>\n\t\t\t\t<\/div>\n\t\t\t\t<\/div>\n\t\t\t\t\t<\/div>\n\t\t\t\t<\/div>\n\t\t<div class=\"elementor-element elementor-element-1b634c6c e-flex e-con-boxed e-con e-parent\" data-id=\"1b634c6c\" data-element_type=\"container\" data-e-type=\"container\">\n\t\t\t\t\t<div class=\"e-con-inner\">\n\t\t\t\t<div class=\"elementor-element elementor-element-7244a7cd elementor-widget elementor-widget-heading\" data-id=\"7244a7cd\" data-element_type=\"widget\" data-e-type=\"widget\" data-widget_type=\"heading.default\">\n\t\t\t\t<div class=\"elementor-widget-container\">\n\t\t\t\t\t<h2 class=\"elementor-heading-title elementor-size-default\">Produits &amp; Applications<\/h2>\t\t\t\t<\/div>\n\t\t\t\t<\/div>\n\t\t\t\t<div class=\"elementor-element elementor-element-1bea65be elementor-widget-divider--view-line elementor-widget elementor-widget-divider\" data-id=\"1bea65be\" data-element_type=\"widget\" data-e-type=\"widget\" data-widget_type=\"divider.default\">\n\t\t\t\t<div class=\"elementor-widget-container\">\n\t\t\t\t\t\t\t<div class=\"elementor-divider\">\n\t\t\t<span class=\"elementor-divider-separator\">\n\t\t\t\t\t\t<\/span>\n\t\t<\/div>\n\t\t\t\t\t\t<\/div>\n\t\t\t\t<\/div>\n\t\t<div class=\"elementor-element elementor-element-31e611b e-con-full e-flex e-con e-child\" data-id=\"31e611b\" data-element_type=\"container\" data-e-type=\"container\">\n\t\t<div class=\"elementor-element elementor-element-0230aee e-con-full e-flex e-con e-child\" data-id=\"0230aee\" data-element_type=\"container\" data-e-type=\"container\">\n\t\t\t\t<div class=\"elementor-element elementor-element-b8485ae elementor-widget elementor-widget-image\" data-id=\"b8485ae\" data-element_type=\"widget\" data-e-type=\"widget\" data-widget_type=\"image.default\">\n\t\t\t\t<div class=\"elementor-widget-container\">\n\t\t\t\t\t\t\t\t\t\t\t\t\t\t\t\t<a href=\"https:\/\/www.1977u.com\/fr\/pen-tips\/\">\n\t\t\t\t\t\t\t<img fetchpriority=\"high\" decoding=\"async\" width=\"644\" height=\"402\" src=\"https:\/\/www.1977u.com\/wp-content\/uploads\/2025\/01\/Fibre-Pen-Nibs-1.webp\" class=\"elementor-animation-grow attachment-full size-full wp-image-5854\" alt=\"Extr\u00e9mit\u00e9s de stylo en fibre\" srcset=\"https:\/\/www.1977u.com\/wp-content\/uploads\/2025\/01\/Fibre-Pen-Nibs-1.webp 644w, https:\/\/www.1977u.com\/wp-content\/uploads\/2025\/01\/Fibre-Pen-Nibs-1-300x187.webp 300w, https:\/\/www.1977u.com\/wp-content\/uploads\/2025\/01\/Fibre-Pen-Nibs-1-18x12.webp 18w\" sizes=\"(max-width: 644px) 100vw, 644px\" \/>\t\t\t\t\t\t\t\t<\/a>\n\t\t\t\t\t\t\t\t\t\t\t\t\t\t\t<\/div>\n\t\t\t\t<\/div>\n\t\t\t\t<div class=\"elementor-element elementor-element-8d8be66 elementor-widget elementor-widget-image-box\" data-id=\"8d8be66\" data-element_type=\"widget\" data-e-type=\"widget\" data-widget_type=\"image-box.default\">\n\t\t\t\t<div class=\"elementor-widget-container\">\n\t\t\t\t\t<div class=\"elementor-image-box-wrapper\"><div class=\"elementor-image-box-content\"><h5 class=\"elementor-image-box-title\">Extr\u00e9mit\u00e9s de stylo en fibre<\/h5><p class=\"elementor-image-box-description\">\n<\/p><\/div><\/div>\t\t\t\t<\/div>\n\t\t\t\t<\/div>\n\t\t\t\t<\/div>\n\t\t<div class=\"elementor-element elementor-element-d5c46e0 e-con-full e-flex e-con e-child\" data-id=\"d5c46e0\" data-element_type=\"container\" data-e-type=\"container\">\n\t\t\t\t<div class=\"elementor-element elementor-element-769b7046 elementor-widget elementor-widget-image\" data-id=\"769b7046\" data-element_type=\"widget\" data-e-type=\"widget\" data-widget_type=\"image.default\">\n\t\t\t\t<div class=\"elementor-widget-container\">\n\t\t\t\t\t\t\t\t\t\t\t\t\t\t\t\t<a href=\"https:\/\/www.1977u.com\/fr\/diffuser-sticks\/\">\n\t\t\t\t\t\t\t<img decoding=\"async\" width=\"644\" height=\"402\" src=\"https:\/\/www.1977u.com\/wp-content\/uploads\/2025\/01\/Natural-diffuser-sticks-644x402-1.webp\" class=\"elementor-animation-grow attachment-full size-full wp-image-6125\" alt=\"Humidifier Water - drawing Cotton Core Cotton Sticks, Oxygen Humidifier Bottle Cotton Core Cotton Sticks, Fragrance Diffuser Cotton Sticks, Fiber Nibs, E - cigarette Oil - storing Cotton, Velcro, Fiber Sheets, Filter Elements\" srcset=\"https:\/\/www.1977u.com\/wp-content\/uploads\/2025\/01\/Natural-diffuser-sticks-644x402-1.webp 644w, https:\/\/www.1977u.com\/wp-content\/uploads\/2025\/01\/Natural-diffuser-sticks-644x402-1-300x187.webp 300w, https:\/\/www.1977u.com\/wp-content\/uploads\/2025\/01\/Natural-diffuser-sticks-644x402-1-18x12.webp 18w\" sizes=\"(max-width: 644px) 100vw, 644px\" \/>\t\t\t\t\t\t\t\t<\/a>\n\t\t\t\t\t\t\t\t\t\t\t\t\t\t\t<\/div>\n\t\t\t\t<\/div>\n\t\t\t\t<div class=\"elementor-element elementor-element-317f96b1 elementor-widget elementor-widget-image-box\" data-id=\"317f96b1\" data-element_type=\"widget\" data-e-type=\"widget\" data-widget_type=\"image-box.default\">\n\t\t\t\t<div class=\"elementor-widget-container\">\n\t\t\t\t\t<div class=\"elementor-image-box-wrapper\"><div class=\"elementor-image-box-content\"><h5 class=\"elementor-image-box-title\">baguettes diffuseuses<\/h5><\/div><\/div>\t\t\t\t<\/div>\n\t\t\t\t<\/div>\n\t\t\t\t<\/div>\n\t\t\t\t<\/div>\n\t\t<div class=\"elementor-element elementor-element-bf1000c e-con-full e-flex e-con e-child\" data-id=\"bf1000c\" data-element_type=\"container\" data-e-type=\"container\">\n\t\t<div class=\"elementor-element elementor-element-f3d6a22 e-con-full e-flex e-con e-child\" data-id=\"f3d6a22\" data-element_type=\"container\" data-e-type=\"container\">\n\t\t\t\t<div class=\"elementor-element elementor-element-e39bcf6 elementor-widget elementor-widget-image\" data-id=\"e39bcf6\" data-element_type=\"widget\" data-e-type=\"widget\" data-widget_type=\"image.default\">\n\t\t\t\t<div class=\"elementor-widget-container\">\n\t\t\t\t\t\t\t\t\t\t\t\t\t\t\t\t<a href=\"https:\/\/www.1977u.com\/fr\/water-drawing-cotton-sticks\/\">\n\t\t\t\t\t\t\t<img loading=\"lazy\" decoding=\"async\" width=\"644\" height=\"402\" src=\"https:\/\/www.1977u.com\/wp-content\/uploads\/2025\/01\/Water-drawing-Cotton-Wick-banner.webp\" class=\"elementor-animation-grow attachment-full size-full wp-image-6025\" alt=\"Humidifier Water \u2013 drawing Cotton Sticks\" srcset=\"https:\/\/www.1977u.com\/wp-content\/uploads\/2025\/01\/Water-drawing-Cotton-Wick-banner.webp 644w, https:\/\/www.1977u.com\/wp-content\/uploads\/2025\/01\/Water-drawing-Cotton-Wick-banner-300x187.webp 300w, https:\/\/www.1977u.com\/wp-content\/uploads\/2025\/01\/Water-drawing-Cotton-Wick-banner-18x12.webp 18w\" sizes=\"(max-width: 644px) 100vw, 644px\" \/>\t\t\t\t\t\t\t\t<\/a>\n\t\t\t\t\t\t\t\t\t\t\t\t\t\t\t<\/div>\n\t\t\t\t<\/div>\n\t\t\t\t<div class=\"elementor-element elementor-element-bdde875 elementor-widget elementor-widget-image-box\" data-id=\"bdde875\" data-element_type=\"widget\" data-e-type=\"widget\" data-widget_type=\"image-box.default\">\n\t\t\t\t<div class=\"elementor-widget-container\">\n\t\t\t\t\t<div class=\"elementor-image-box-wrapper\"><div class=\"elementor-image-box-content\"><h5 class=\"elementor-image-box-title\">B\u00e2tons de coton absorbant l'eau<\/h5><\/div><\/div>\t\t\t\t<\/div>\n\t\t\t\t<\/div>\n\t\t\t\t<\/div>\n\t\t<div class=\"elementor-element elementor-element-c7514e2 e-con-full e-flex e-con e-child\" data-id=\"c7514e2\" data-element_type=\"container\" data-e-type=\"container\">\n\t\t\t\t<div class=\"elementor-element elementor-element-5a2c4e1 elementor-widget elementor-widget-image\" data-id=\"5a2c4e1\" data-element_type=\"widget\" data-e-type=\"widget\" data-widget_type=\"image.default\">\n\t\t\t\t<div class=\"elementor-widget-container\">\n\t\t\t\t\t\t\t\t\t\t\t\t\t\t\t\t<a href=\"https:\/\/www.1977u.com\/fr\/filter-elements-oil-storage-cottons\/\">\n\t\t\t\t\t\t\t<img loading=\"lazy\" decoding=\"async\" width=\"644\" height=\"402\" src=\"https:\/\/www.1977u.com\/wp-content\/uploads\/2025\/04\/Filter-Elements-Oil-storage-Cottons1-1.webp\" class=\"elementor-animation-grow attachment-full size-full wp-image-8002\" alt=\"Oil \u2013 storage Cottons\" srcset=\"https:\/\/www.1977u.com\/wp-content\/uploads\/2025\/04\/Filter-Elements-Oil-storage-Cottons1-1.webp 644w, https:\/\/www.1977u.com\/wp-content\/uploads\/2025\/04\/Filter-Elements-Oil-storage-Cottons1-1-300x187.webp 300w, https:\/\/www.1977u.com\/wp-content\/uploads\/2025\/04\/Filter-Elements-Oil-storage-Cottons1-1-18x12.webp 18w\" sizes=\"(max-width: 644px) 100vw, 644px\" \/>\t\t\t\t\t\t\t\t<\/a>\n\t\t\t\t\t\t\t\t\t\t\t\t\t\t\t<\/div>\n\t\t\t\t<\/div>\n\t\t\t\t<div class=\"elementor-element elementor-element-b60a785 elementor-widget elementor-widget-image-box\" data-id=\"b60a785\" data-element_type=\"widget\" data-e-type=\"widget\" data-widget_type=\"image-box.default\">\n\t\t\t\t<div class=\"elementor-widget-container\">\n\t\t\t\t\t<div class=\"elementor-image-box-wrapper\"><div class=\"elementor-image-box-content\"><h5 class=\"elementor-image-box-title\">\u00c9l\u00e9ments de filtre et lainages d'entreposage d'huile<\/h5><\/div><\/div>\t\t\t\t<\/div>\n\t\t\t\t<\/div>\n\t\t\t\t<\/div>\n\t\t\t\t<\/div>\n\t\t<div class=\"elementor-element elementor-element-dd09faf e-con-full e-flex e-con e-child\" data-id=\"dd09faf\" data-element_type=\"container\" data-e-type=\"container\">\n\t\t<div class=\"elementor-element elementor-element-76d099c e-con-full e-flex e-con e-child\" data-id=\"76d099c\" data-element_type=\"container\" data-e-type=\"container\">\n\t\t\t\t<div class=\"elementor-element elementor-element-a5c0a21 elementor-widget elementor-widget-image\" data-id=\"a5c0a21\" data-element_type=\"widget\" data-e-type=\"widget\" data-widget_type=\"image.default\">\n\t\t\t\t<div class=\"elementor-widget-container\">\n\t\t\t\t\t\t\t\t\t\t\t\t\t\t\t\t<a href=\"https:\/\/www.1977u.com\/fr\/fiber-sheets-cotton-pads-felts\/\">\n\t\t\t\t\t\t\t<img loading=\"lazy\" decoding=\"async\" width=\"644\" height=\"402\" src=\"https:\/\/www.1977u.com\/wp-content\/uploads\/2025\/01\/Fiber-Sheets.webp\" class=\"elementor-animation-grow attachment-full size-full wp-image-5900\" alt=\"Humidifier Water - drawing Cotton Core Cotton Sticks, Oxygen Humidifier Bottle Cotton Core Cotton Sticks, Fragrance Diffuser Cotton Sticks, Fiber Nibs, E - cigarette Oil - storing Cotton, Velcro, Fiber Sheets, Filter Elements\" srcset=\"https:\/\/www.1977u.com\/wp-content\/uploads\/2025\/01\/Fiber-Sheets.webp 644w, https:\/\/www.1977u.com\/wp-content\/uploads\/2025\/01\/Fiber-Sheets-300x187.webp 300w, https:\/\/www.1977u.com\/wp-content\/uploads\/2025\/01\/Fiber-Sheets-18x12.webp 18w\" sizes=\"(max-width: 644px) 100vw, 644px\" \/>\t\t\t\t\t\t\t\t<\/a>\n\t\t\t\t\t\t\t\t\t\t\t\t\t\t\t<\/div>\n\t\t\t\t<\/div>\n\t\t\t\t<div class=\"elementor-element elementor-element-5047470 elementor-widget elementor-widget-image-box\" data-id=\"5047470\" data-element_type=\"widget\" data-e-type=\"widget\" data-widget_type=\"image-box.default\">\n\t\t\t\t<div class=\"elementor-widget-container\">\n\t\t\t\t\t<div class=\"elementor-image-box-wrapper\"><div class=\"elementor-image-box-content\"><h5 class=\"elementor-image-box-title\">Feuillets de fibre, lingettes en coton et feutres<\/h5><\/div><\/div>\t\t\t\t<\/div>\n\t\t\t\t<\/div>\n\t\t\t\t<\/div>\n\t\t<div class=\"elementor-element elementor-element-1f1985d e-con-full e-flex e-con e-child\" data-id=\"1f1985d\" data-element_type=\"container\" data-e-type=\"container\">\n\t\t\t\t<div class=\"elementor-element elementor-element-7db1846 elementor-widget elementor-widget-image\" data-id=\"7db1846\" data-element_type=\"widget\" data-e-type=\"widget\" data-widget_type=\"image.default\">\n\t\t\t\t<div class=\"elementor-widget-container\">\n\t\t\t\t\t\t\t\t\t\t\t\t\t\t\t\t<a href=\"https:\/\/www.1977u.com\/fr\/hook-and-loop-tape\/\">\n\t\t\t\t\t\t\t<img loading=\"lazy\" decoding=\"async\" width=\"644\" height=\"402\" src=\"https:\/\/www.1977u.com\/wp-content\/uploads\/2025\/01\/Velcro-1.webp\" class=\"elementor-animation-grow attachment-full size-full wp-image-5914\" alt=\"Humidifier Water - drawing Cotton Core Cotton Sticks, Oxygen Humidifier Bottle Cotton Core Cotton Sticks, Fragrance Diffuser Cotton Sticks, Fiber Nibs, E - cigarette Oil - storing Cotton, Velcro, Fiber Sheets, Filter Elements\" srcset=\"https:\/\/www.1977u.com\/wp-content\/uploads\/2025\/01\/Velcro-1.webp 644w, https:\/\/www.1977u.com\/wp-content\/uploads\/2025\/01\/Velcro-1-300x187.webp 300w, https:\/\/www.1977u.com\/wp-content\/uploads\/2025\/01\/Velcro-1-18x12.webp 18w\" sizes=\"(max-width: 644px) 100vw, 644px\" \/>\t\t\t\t\t\t\t\t<\/a>\n\t\t\t\t\t\t\t\t\t\t\t\t\t\t\t<\/div>\n\t\t\t\t<\/div>\n\t\t\t\t<div class=\"elementor-element elementor-element-a8a0459 elementor-widget elementor-widget-image-box\" data-id=\"a8a0459\" data-element_type=\"widget\" data-e-type=\"widget\" data-widget_type=\"image-box.default\">\n\t\t\t\t<div class=\"elementor-widget-container\">\n\t\t\t\t\t<div class=\"elementor-image-box-wrapper\"><div class=\"elementor-image-box-content\"><h5 class=\"elementor-image-box-title\">Ruban \u00e0 crochets et \u00e0 boucles<\/h5><\/div><\/div>\t\t\t\t<\/div>\n\t\t\t\t<\/div>\n\t\t\t\t<\/div>\n\t\t\t\t<\/div>\n\t\t\t\t\t<\/div>\n\t\t\t\t<\/div>\n\t\t\t\t<\/div>","protected":false},"excerpt":{"rendered":"<p>Specialized Fiber Products Manufacturer This is a factory that conducts in-depth development of fiber products. It has professional products for various purposes and is worthy of reliance! &#8211; Anne Products &#038; Applications Fiber Pen Tips diffuser sticks Water \u2013 drawing Cotton Sticks Filter Elements &#038; Oil \u2013 storage Cottons Fiber Sheets &#038; Cotton Pads &#038; [&hellip;]<\/p>\n","protected":false},"author":2,"featured_media":0,"parent":0,"menu_order":0,"comment_status":"closed","ping_status":"closed","template":"","meta":{"site-sidebar-layout":"no-sidebar","site-content-layout":"page-builder","ast-site-content-layout":"full-width-container","site-content-style":"default","site-sidebar-style":"default","ast-global-header-display":"","ast-banner-title-visibility":"","ast-main-header-display":"","ast-hfb-above-header-display":"","ast-hfb-below-header-display":"","ast-hfb-mobile-header-display":"","site-post-title":"disabled","ast-breadcrumbs-content":"","ast-featured-img":"disabled","footer-sml-layout":"","ast-disable-related-posts":"","theme-transparent-header-meta":"","adv-header-id-meta":"","stick-header-meta":"","header-above-stick-meta":"","header-main-stick-meta":"","header-below-stick-meta":"","astra-migrate-meta-layouts":"set","ast-page-background-enabled":"default","ast-page-background-meta":{"desktop":{"background-color":"","background-image":"","background-repeat":"repeat","background-position":"center center","background-size":"auto","background-attachment":"scroll","background-type":"","background-media":"","overlay-type":"","overlay-color":"","overlay-opacity":"","overlay-gradient":""},"tablet":{"background-color":"","background-image":"","background-repeat":"repeat","background-position":"center center","background-size":"auto","background-attachment":"scroll","background-type":"","background-media":"","overlay-type":"","overlay-color":"","overlay-opacity":"","overlay-gradient":""},"mobile":{"background-color":"","background-image":"","background-repeat":"repeat","background-position":"center center","background-size":"auto","background-attachment":"scroll","background-type":"","background-media":"","overlay-type":"","overlay-color":"","overlay-opacity":"","overlay-gradient":""}},"ast-content-background-meta":{"desktop":{"background-color":"var(--ast-global-color-5)","background-image":"","background-repeat":"repeat","background-position":"center center","background-size":"auto","background-attachment":"scroll","background-type":"","background-media":"","overlay-type":"","overlay-color":"","overlay-opacity":"","overlay-gradient":""},"tablet":{"background-color":"var(--ast-global-color-5)","background-image":"","background-repeat":"repeat","background-position":"center center","background-size":"auto","background-attachment":"scroll","background-type":"","background-media":"","overlay-type":"","overlay-color":"","overlay-opacity":"","overlay-gradient":""},"mobile":{"background-color":"var(--ast-global-color-5)","background-image":"","background-repeat":"repeat","background-position":"center center","background-size":"auto","background-attachment":"scroll","background-type":"","background-media":"","overlay-type":"","overlay-color":"","overlay-opacity":"","overlay-gradient":""}},"footnotes":""},"class_list":["post-5719","page","type-page","status-publish","hentry"],"aioseo_notices":[],"_links":{"self":[{"href":"https:\/\/www.1977u.com\/fr\/wp-json\/wp\/v2\/pages\/5719","targetHints":{"allow":["GET"]}}],"collection":[{"href":"https:\/\/www.1977u.com\/fr\/wp-json\/wp\/v2\/pages"}],"about":[{"href":"https:\/\/www.1977u.com\/fr\/wp-json\/wp\/v2\/types\/page"}],"author":[{"embeddable":true,"href":"https:\/\/www.1977u.com\/fr\/wp-json\/wp\/v2\/users\/2"}],"replies":[{"embeddable":true,"href":"https:\/\/www.1977u.com\/fr\/wp-json\/wp\/v2\/comments?post=5719"}],"version-history":[{"count":248,"href":"https:\/\/www.1977u.com\/fr\/wp-json\/wp\/v2\/pages\/5719\/revisions"}],"predecessor-version":[{"id":8510,"href":"https:\/\/www.1977u.com\/fr\/wp-json\/wp\/v2\/pages\/5719\/revisions\/8510"}],"wp:attachment":[{"href":"https:\/\/www.1977u.com\/fr\/wp-json\/wp\/v2\/media?parent=5719"}],"curies":[{"name":"wp","href":"https:\/\/api.w.org\/{rel}","templated":true}]}}