{"id":6,"date":"2024-11-24T12:23:41","date_gmt":"2024-11-24T12:23:41","guid":{"rendered":"https:\/\/www.1977u.com\/services\/"},"modified":"2025-06-01T05:49:16","modified_gmt":"2025-06-01T05:49:16","slug":"pen-tips","status":"publish","type":"page","link":"https:\/\/www.1977u.com\/es\/pen-tips\/","title":{"rendered":"pen Tips"},"content":{"rendered":"<div data-elementor-type=\"wp-post\" data-elementor-id=\"6\" class=\"elementor elementor-6\" data-elementor-post-type=\"page\">\n\t\t\t\t<div class=\"elementor-element elementor-element-ecdc542 e-con-full e-flex e-con e-parent\" data-id=\"ecdc542\" data-element_type=\"container\" data-e-type=\"container\" data-settings=\"{&quot;background_background&quot;:&quot;classic&quot;}\">\n\t\t\t\t<div class=\"elementor-element elementor-element-dbdb6fd elementor-widget elementor-widget-heading\" data-id=\"dbdb6fd\" data-element_type=\"widget\" data-e-type=\"widget\" data-widget_type=\"heading.default\">\n\t\t\t\t<div class=\"elementor-widget-container\">\n\t\t\t\t\t<h2 class=\"elementor-heading-title elementor-size-default\">Especializado<\/h2>\t\t\t\t<\/div>\n\t\t\t\t<\/div>\n\t\t\t\t<div class=\"elementor-element elementor-element-37e2d60 elementor-widget-divider--view-line elementor-widget elementor-widget-divider\" data-id=\"37e2d60\" data-element_type=\"widget\" data-e-type=\"widget\" data-widget_type=\"divider.default\">\n\t\t\t\t<div class=\"elementor-widget-container\">\n\t\t\t\t\t\t\t<div class=\"elementor-divider\">\n\t\t\t<span class=\"elementor-divider-separator\">\n\t\t\t\t\t\t<\/span>\n\t\t<\/div>\n\t\t\t\t\t\t<\/div>\n\t\t\t\t<\/div>\n\t\t\t\t<div class=\"elementor-element elementor-element-4d8f869 elementor-widget elementor-widget-heading\" data-id=\"4d8f869\" data-element_type=\"widget\" data-e-type=\"widget\" data-widget_type=\"heading.default\">\n\t\t\t\t<div class=\"elementor-widget-container\">\n\t\t\t\t\t<h1 class=\"elementor-heading-title elementor-size-default\">Fabricante de puntas de pluma<\/h1>\t\t\t\t<\/div>\n\t\t\t\t<\/div>\n\t\t\t\t<\/div>\n\t\t<div class=\"elementor-element elementor-element-7c4d721 e-flex e-con-boxed e-con e-parent\" data-id=\"7c4d721\" data-element_type=\"container\" data-e-type=\"container\">\n\t\t\t\t\t<div class=\"e-con-inner\">\n\t\t\t\t<div class=\"elementor-element elementor-element-9f6c1b2 elementor-widget elementor-widget-image\" data-id=\"9f6c1b2\" data-element_type=\"widget\" data-e-type=\"widget\" data-widget_type=\"image.default\">\n\t\t\t\t<div class=\"elementor-widget-container\">\n\t\t\t\t\t\t\t\t\t\t\t\t\t\t\t<img decoding=\"async\" width=\"200\" height=\"154\" src=\"https:\/\/www.1977u.com\/wp-content\/uploads\/2018\/11\/quote-1.png\" class=\"attachment-large size-large wp-image-132\" alt=\"\" \/>\t\t\t\t\t\t\t\t\t\t\t\t\t\t\t<\/div>\n\t\t\t\t<\/div>\n\t\t\t\t<div class=\"elementor-element elementor-element-18911c1 elementor-widget__width-initial elementor-widget elementor-widget-testimonial\" data-id=\"18911c1\" data-element_type=\"widget\" data-e-type=\"widget\" data-widget_type=\"testimonial.default\">\n\t\t\t\t<div class=\"elementor-widget-container\">\n\t\t\t\t\t\t\t<div class=\"elementor-testimonial-wrapper\">\n\t\t\t\t\t\t\t<div class=\"elementor-testimonial-content\">Esta es una f\u00e1brica que realiza un desarrollo profundo de las puntas de pluma. Tiene productos profesionales para diversos fines y es digna de confianza!<\/div>\n\t\t\t\n\t\t\t\t\t\t<div class=\"elementor-testimonial-meta\">\n\t\t\t\t<div class=\"elementor-testimonial-meta-inner\">\n\t\t\t\t\t\n\t\t\t\t\t\t\t\t\t\t<div class=\"elementor-testimonial-details\">\n\t\t\t\t\t\t\t\t\t\t\t\t\t\t<div class=\"elementor-testimonial-name\">- Anne<\/div>\n\t\t\t\t\t\t\t\t\t\t\t\t\t\t\t\t\t\t\t<\/div>\n\t\t\t\t\t\t\t\t\t<\/div>\n\t\t\t<\/div>\n\t\t\t\t\t<\/div>\n\t\t\t\t\t\t<\/div>\n\t\t\t\t<\/div>\n\t\t\t\t\t<\/div>\n\t\t\t\t<\/div>\n\t\t<div class=\"elementor-element elementor-element-148eac2 e-flex e-con-boxed e-con e-parent\" data-id=\"148eac2\" data-element_type=\"container\" data-e-type=\"container\">\n\t\t\t\t\t<div class=\"e-con-inner\">\n\t\t<div class=\"elementor-element elementor-element-4585a0b e-con-full e-flex e-con e-child\" data-id=\"4585a0b\" data-element_type=\"container\" data-e-type=\"container\">\n\t\t\t\t<div class=\"elementor-element elementor-element-75371cb elementor-widget elementor-widget-heading\" data-id=\"75371cb\" data-element_type=\"widget\" data-e-type=\"widget\" data-widget_type=\"heading.default\">\n\t\t\t\t<div class=\"elementor-widget-container\">\n\t\t\t\t\t<h2 class=\"elementor-heading-title elementor-size-default\">Sistema de clasificaci\u00f3n de productos<\/h2>\t\t\t\t<\/div>\n\t\t\t\t<\/div>\n\t\t\t\t<div class=\"elementor-element elementor-element-d5ba0af elementor-widget-divider--view-line elementor-widget elementor-widget-divider\" data-id=\"d5ba0af\" data-element_type=\"widget\" data-e-type=\"widget\" data-widget_type=\"divider.default\">\n\t\t\t\t<div class=\"elementor-widget-container\">\n\t\t\t\t\t\t\t<div class=\"elementor-divider\">\n\t\t\t<span class=\"elementor-divider-separator\">\n\t\t\t\t\t\t<\/span>\n\t\t<\/div>\n\t\t\t\t\t\t<\/div>\n\t\t\t\t<\/div>\n\t\t\t\t<div class=\"elementor-element elementor-element-b5145e2 elementor-widget elementor-widget-text-editor\" data-id=\"b5145e2\" data-element_type=\"widget\" data-e-type=\"widget\" data-widget_type=\"text-editor.default\">\n\t\t\t\t<div class=\"elementor-widget-container\">\n\t\t\t\t\t\t\t\t\t<p>Las puntas de pluma producidas con materiales primarios como fibras y resinas se denominan en conjunto puntas de pluma de fibra. Hay muchos tipos de fibras y resinas. Incluso para materiales primarios con el mismo nombre, hay productos de diferentes calidades, incluyendo materiales nuevos y materiales reciclados. Hay tanto productos importados como dom\u00e9sticos, y sus costos y prestaciones var\u00edan. En general, los materiales y procesos relevantes se eligen seg\u00fan los casos de uso y los requisitos de los clientes. Para productos con la misma apariencia pero diferentes composiciones y procesos, hay diferencias significativas en las prestaciones y costos correspondientes.<\/p>\t\t\t\t\t\t\t\t<\/div>\n\t\t\t\t<\/div>\n\t\t\t\t<\/div>\n\t\t\t\t\t<\/div>\n\t\t\t\t<\/div>\n\t\t<div class=\"elementor-element elementor-element-ea81d5c e-flex e-con-boxed e-con e-parent\" data-id=\"ea81d5c\" data-element_type=\"container\" data-e-type=\"container\">\n\t\t\t\t\t<div class=\"e-con-inner\">\n\t\t<div class=\"elementor-element elementor-element-401aa1b e-con-full e-flex e-con e-child\" data-id=\"401aa1b\" data-element_type=\"container\" data-e-type=\"container\">\n\t\t\t\t<div class=\"elementor-element elementor-element-4653afd elementor-widget elementor-widget-image\" data-id=\"4653afd\" data-element_type=\"widget\" data-e-type=\"widget\" data-widget_type=\"image.default\">\n\t\t\t\t<div class=\"elementor-widget-container\">\n\t\t\t\t\t\t\t\t\t\t\t\t\t\t\t\t<a href=\"https:\/\/www.1977u.com\/es\/whiteboard-pen-tips\/\">\n\t\t\t\t\t\t\t<img fetchpriority=\"high\" decoding=\"async\" width=\"644\" height=\"402\" src=\"https:\/\/www.1977u.com\/wp-content\/uploads\/2025\/04\/Whiteboard-Pen-Tips-2.webp\" class=\"attachment-full size-full wp-image-7206\" alt=\"Puntas de bol\u00edgrafos de fibra\" srcset=\"https:\/\/www.1977u.com\/wp-content\/uploads\/2025\/04\/Whiteboard-Pen-Tips-2.webp 644w, https:\/\/www.1977u.com\/wp-content\/uploads\/2025\/04\/Whiteboard-Pen-Tips-2-300x187.webp 300w, https:\/\/www.1977u.com\/wp-content\/uploads\/2025\/04\/Whiteboard-Pen-Tips-2-18x12.webp 18w\" sizes=\"(max-width: 644px) 100vw, 644px\" \/>\t\t\t\t\t\t\t\t<\/a>\n\t\t\t\t\t\t\t\t\t\t\t\t\t\t\t<\/div>\n\t\t\t\t<\/div>\n\t\t\t\t<div class=\"elementor-element elementor-element-569156a elementor-widget elementor-widget-image-box\" data-id=\"569156a\" data-element_type=\"widget\" data-e-type=\"widget\" data-widget_type=\"image-box.default\">\n\t\t\t\t<div class=\"elementor-widget-container\">\n\t\t\t\t\t<div class=\"elementor-image-box-wrapper\"><div class=\"elementor-image-box-content\"><h5 class=\"elementor-image-box-title\">Puntas de bol\u00edgrafo de pizarra blanca<\/h5><\/div><\/div>\t\t\t\t<\/div>\n\t\t\t\t<\/div>\n\t\t\t\t<\/div>\n\t\t<div class=\"elementor-element elementor-element-08801e2 e-con-full e-flex e-con e-child\" data-id=\"08801e2\" data-element_type=\"container\" data-e-type=\"container\">\n\t\t\t\t<div class=\"elementor-element elementor-element-e1ae4d8 elementor-widget elementor-widget-image\" data-id=\"e1ae4d8\" data-element_type=\"widget\" data-e-type=\"widget\" data-widget_type=\"image.default\">\n\t\t\t\t<div class=\"elementor-widget-container\">\n\t\t\t\t\t\t\t\t\t\t\t\t\t\t\t\t<a href=\"https:\/\/www.1977u.com\/es\/marker-pen-tips\/\">\n\t\t\t\t\t\t\t<img decoding=\"async\" width=\"644\" height=\"402\" src=\"https:\/\/www.1977u.com\/wp-content\/uploads\/2025\/04\/Marker-Pen-Tips.webp\" class=\"attachment-full size-full wp-image-7210\" alt=\"Puntas de bol\u00edgrafos de fibra\" srcset=\"https:\/\/www.1977u.com\/wp-content\/uploads\/2025\/04\/Marker-Pen-Tips.webp 644w, https:\/\/www.1977u.com\/wp-content\/uploads\/2025\/04\/Marker-Pen-Tips-300x187.webp 300w, https:\/\/www.1977u.com\/wp-content\/uploads\/2025\/04\/Marker-Pen-Tips-18x12.webp 18w\" sizes=\"(max-width: 644px) 100vw, 644px\" \/>\t\t\t\t\t\t\t\t<\/a>\n\t\t\t\t\t\t\t\t\t\t\t\t\t\t\t<\/div>\n\t\t\t\t<\/div>\n\t\t\t\t<div class=\"elementor-element elementor-element-c0c2925 elementor-widget elementor-widget-image-box\" data-id=\"c0c2925\" data-element_type=\"widget\" data-e-type=\"widget\" data-widget_type=\"image-box.default\">\n\t\t\t\t<div class=\"elementor-widget-container\">\n\t\t\t\t\t<div class=\"elementor-image-box-wrapper\"><div class=\"elementor-image-box-content\"><h5 class=\"elementor-image-box-title\">Puntas de rotulador<\/h5><\/div><\/div>\t\t\t\t<\/div>\n\t\t\t\t<\/div>\n\t\t\t\t<\/div>\n\t\t\t\t\t<\/div>\n\t\t\t\t<\/div>\n\t\t<div class=\"elementor-element elementor-element-d39d6b6 e-flex e-con-boxed e-con e-parent\" data-id=\"d39d6b6\" data-element_type=\"container\" data-e-type=\"container\">\n\t\t\t\t\t<div class=\"e-con-inner\">\n\t\t<div class=\"elementor-element elementor-element-5648a74 e-con-full e-flex e-con e-child\" data-id=\"5648a74\" data-element_type=\"container\" data-e-type=\"container\">\n\t\t\t\t<div class=\"elementor-element elementor-element-cb18229 elementor-widget elementor-widget-image\" data-id=\"cb18229\" data-element_type=\"widget\" data-e-type=\"widget\" data-widget_type=\"image.default\">\n\t\t\t\t<div class=\"elementor-widget-container\">\n\t\t\t\t\t\t\t\t\t\t\t\t\t\t\t\t<a href=\"https:\/\/www.1977u.com\/es\/watercolor-pen-tips\/\">\n\t\t\t\t\t\t\t<img loading=\"lazy\" decoding=\"async\" width=\"644\" height=\"402\" src=\"https:\/\/www.1977u.com\/wp-content\/uploads\/2025\/04\/Watercolor-Pen-Tips-1.webp\" class=\"attachment-full size-full wp-image-7218\" alt=\"Puntas de bol\u00edgrafos de fibra\" srcset=\"https:\/\/www.1977u.com\/wp-content\/uploads\/2025\/04\/Watercolor-Pen-Tips-1.webp 644w, https:\/\/www.1977u.com\/wp-content\/uploads\/2025\/04\/Watercolor-Pen-Tips-1-300x187.webp 300w, https:\/\/www.1977u.com\/wp-content\/uploads\/2025\/04\/Watercolor-Pen-Tips-1-18x12.webp 18w\" sizes=\"(max-width: 644px) 100vw, 644px\" \/>\t\t\t\t\t\t\t\t<\/a>\n\t\t\t\t\t\t\t\t\t\t\t\t\t\t\t<\/div>\n\t\t\t\t<\/div>\n\t\t\t\t<div class=\"elementor-element elementor-element-a7b2827 elementor-widget elementor-widget-image-box\" data-id=\"a7b2827\" data-element_type=\"widget\" data-e-type=\"widget\" data-widget_type=\"image-box.default\">\n\t\t\t\t<div class=\"elementor-widget-container\">\n\t\t\t\t\t<div class=\"elementor-image-box-wrapper\"><div class=\"elementor-image-box-content\"><h5 class=\"elementor-image-box-title\">Puntas de bol\u00edgrafo de acuarela<\/h5><\/div><\/div>\t\t\t\t<\/div>\n\t\t\t\t<\/div>\n\t\t\t\t<\/div>\n\t\t<div class=\"elementor-element elementor-element-bf31847 e-con-full e-flex e-con e-child\" data-id=\"bf31847\" data-element_type=\"container\" data-e-type=\"container\">\n\t\t\t\t<div class=\"elementor-element elementor-element-e8214ce elementor-widget elementor-widget-image\" data-id=\"e8214ce\" data-element_type=\"widget\" data-e-type=\"widget\" data-widget_type=\"image.default\">\n\t\t\t\t<div class=\"elementor-widget-container\">\n\t\t\t\t\t\t\t\t\t\t\t\t\t\t\t\t<a href=\"https:\/\/www.1977u.com\/es\/fluorescent-pen-tips\/\">\n\t\t\t\t\t\t\t<img loading=\"lazy\" decoding=\"async\" width=\"644\" height=\"402\" src=\"https:\/\/www.1977u.com\/wp-content\/uploads\/2025\/04\/Fluorescent-Pen-Tips.webp\" class=\"attachment-full size-full wp-image-7222\" alt=\"Puntas de bol\u00edgrafos de fibra\" srcset=\"https:\/\/www.1977u.com\/wp-content\/uploads\/2025\/04\/Fluorescent-Pen-Tips.webp 644w, https:\/\/www.1977u.com\/wp-content\/uploads\/2025\/04\/Fluorescent-Pen-Tips-300x187.webp 300w, https:\/\/www.1977u.com\/wp-content\/uploads\/2025\/04\/Fluorescent-Pen-Tips-18x12.webp 18w\" sizes=\"(max-width: 644px) 100vw, 644px\" \/>\t\t\t\t\t\t\t\t<\/a>\n\t\t\t\t\t\t\t\t\t\t\t\t\t\t\t<\/div>\n\t\t\t\t<\/div>\n\t\t\t\t<div class=\"elementor-element elementor-element-ddee831 elementor-widget elementor-widget-image-box\" data-id=\"ddee831\" data-element_type=\"widget\" data-e-type=\"widget\" data-widget_type=\"image-box.default\">\n\t\t\t\t<div class=\"elementor-widget-container\">\n\t\t\t\t\t<div class=\"elementor-image-box-wrapper\"><div class=\"elementor-image-box-content\"><h5 class=\"elementor-image-box-title\">Puntas de bol\u00edgrafo fluorescente<\/h5><\/div><\/div>\t\t\t\t<\/div>\n\t\t\t\t<\/div>\n\t\t\t\t<\/div>\n\t\t\t\t\t<\/div>\n\t\t\t\t<\/div>\n\t\t<div class=\"elementor-element elementor-element-92944b8 e-flex e-con-boxed e-con e-parent\" data-id=\"92944b8\" data-element_type=\"container\" data-e-type=\"container\">\n\t\t\t\t\t<div class=\"e-con-inner\">\n\t\t<div class=\"elementor-element elementor-element-bf8f9b1 e-con-full e-flex e-con e-child\" data-id=\"bf8f9b1\" data-element_type=\"container\" data-e-type=\"container\">\n\t\t\t\t<div class=\"elementor-element elementor-element-1819be6 elementor-widget elementor-widget-image\" data-id=\"1819be6\" data-element_type=\"widget\" data-e-type=\"widget\" data-widget_type=\"image.default\">\n\t\t\t\t<div class=\"elementor-widget-container\">\n\t\t\t\t\t\t\t\t\t\t\t\t\t\t\t\t<a href=\"https:\/\/www.1977u.com\/es\/paint-pen-tips\/\">\n\t\t\t\t\t\t\t<img loading=\"lazy\" decoding=\"async\" width=\"644\" height=\"402\" src=\"https:\/\/www.1977u.com\/wp-content\/uploads\/2025\/04\/Paint-Pen-Tips.webp\" class=\"attachment-full size-full wp-image-7283\" alt=\"Puntas de pluma para pintura\" srcset=\"https:\/\/www.1977u.com\/wp-content\/uploads\/2025\/04\/Paint-Pen-Tips.webp 644w, https:\/\/www.1977u.com\/wp-content\/uploads\/2025\/04\/Paint-Pen-Tips-300x187.webp 300w, https:\/\/www.1977u.com\/wp-content\/uploads\/2025\/04\/Paint-Pen-Tips-18x12.webp 18w\" sizes=\"(max-width: 644px) 100vw, 644px\" \/>\t\t\t\t\t\t\t\t<\/a>\n\t\t\t\t\t\t\t\t\t\t\t\t\t\t\t<\/div>\n\t\t\t\t<\/div>\n\t\t\t\t<div class=\"elementor-element elementor-element-a81e1e1 elementor-widget elementor-widget-image-box\" data-id=\"a81e1e1\" data-element_type=\"widget\" data-e-type=\"widget\" data-widget_type=\"image-box.default\">\n\t\t\t\t<div class=\"elementor-widget-container\">\n\t\t\t\t\t<div class=\"elementor-image-box-wrapper\"><div class=\"elementor-image-box-content\"><h5 class=\"elementor-image-box-title\">Puntas de bol\u00edgrafo para pintar<\/h5><\/div><\/div>\t\t\t\t<\/div>\n\t\t\t\t<\/div>\n\t\t\t\t<\/div>\n\t\t<div class=\"elementor-element elementor-element-39ae7e1 e-con-full e-flex e-con e-child\" data-id=\"39ae7e1\" data-element_type=\"container\" data-e-type=\"container\">\n\t\t\t\t<div class=\"elementor-element elementor-element-10e84d6 elementor-widget elementor-widget-image\" data-id=\"10e84d6\" data-element_type=\"widget\" data-e-type=\"widget\" data-widget_type=\"image.default\">\n\t\t\t\t<div class=\"elementor-widget-container\">\n\t\t\t\t\t\t\t\t\t\t\t\t\t\t\t\t<a href=\"https:\/\/www.1977u.com\/es\/stamp-pen-tips\/\">\n\t\t\t\t\t\t\t<img loading=\"lazy\" decoding=\"async\" width=\"644\" height=\"402\" src=\"https:\/\/www.1977u.com\/wp-content\/uploads\/2025\/04\/Marker-Pen-Tips-1.webp\" class=\"attachment-full size-full wp-image-7332\" alt=\"Sintered Stamp Pen Tips\" srcset=\"https:\/\/www.1977u.com\/wp-content\/uploads\/2025\/04\/Marker-Pen-Tips-1.webp 644w, https:\/\/www.1977u.com\/wp-content\/uploads\/2025\/04\/Marker-Pen-Tips-1-300x187.webp 300w, https:\/\/www.1977u.com\/wp-content\/uploads\/2025\/04\/Marker-Pen-Tips-1-18x12.webp 18w\" sizes=\"(max-width: 644px) 100vw, 644px\" \/>\t\t\t\t\t\t\t\t<\/a>\n\t\t\t\t\t\t\t\t\t\t\t\t\t\t\t<\/div>\n\t\t\t\t<\/div>\n\t\t\t\t<div class=\"elementor-element elementor-element-0bf2004 elementor-widget elementor-widget-image-box\" data-id=\"0bf2004\" data-element_type=\"widget\" data-e-type=\"widget\" data-widget_type=\"image-box.default\">\n\t\t\t\t<div class=\"elementor-widget-container\">\n\t\t\t\t\t<div class=\"elementor-image-box-wrapper\"><div class=\"elementor-image-box-content\"><h5 class=\"elementor-image-box-title\">Puntas de pluma de sello<\/h5><\/div><\/div>\t\t\t\t<\/div>\n\t\t\t\t<\/div>\n\t\t\t\t<\/div>\n\t\t\t\t\t<\/div>\n\t\t\t\t<\/div>\n\t\t<div class=\"elementor-element elementor-element-cfdcbde e-flex e-con-boxed e-con e-parent\" data-id=\"cfdcbde\" data-element_type=\"container\" data-e-type=\"container\">\n\t\t\t\t\t<div class=\"e-con-inner\">\n\t\t<div class=\"elementor-element elementor-element-c3a360f e-con-full e-flex e-con e-child\" data-id=\"c3a360f\" data-element_type=\"container\" data-e-type=\"container\">\n\t\t\t\t<div class=\"elementor-element elementor-element-8aff38d elementor-widget elementor-widget-image\" data-id=\"8aff38d\" data-element_type=\"widget\" data-e-type=\"widget\" data-widget_type=\"image.default\">\n\t\t\t\t<div class=\"elementor-widget-container\">\n\t\t\t\t\t\t\t\t\t\t\t\t\t\t\t\t<a href=\"https:\/\/www.1977u.com\/es\/cosmetics-category\/\">\n\t\t\t\t\t\t\t<img loading=\"lazy\" decoding=\"async\" width=\"644\" height=\"402\" src=\"https:\/\/www.1977u.com\/wp-content\/uploads\/2025\/04\/Cosmetics-Category.webp\" class=\"attachment-full size-full wp-image-7406\" alt=\"Puntas de l\u00e1piz de delineado de ojos\" srcset=\"https:\/\/www.1977u.com\/wp-content\/uploads\/2025\/04\/Cosmetics-Category.webp 644w, https:\/\/www.1977u.com\/wp-content\/uploads\/2025\/04\/Cosmetics-Category-300x187.webp 300w, https:\/\/www.1977u.com\/wp-content\/uploads\/2025\/04\/Cosmetics-Category-18x12.webp 18w\" sizes=\"(max-width: 644px) 100vw, 644px\" \/>\t\t\t\t\t\t\t\t<\/a>\n\t\t\t\t\t\t\t\t\t\t\t\t\t\t\t<\/div>\n\t\t\t\t<\/div>\n\t\t\t\t<div class=\"elementor-element elementor-element-f33b777 elementor-widget elementor-widget-image-box\" data-id=\"f33b777\" data-element_type=\"widget\" data-e-type=\"widget\" data-widget_type=\"image-box.default\">\n\t\t\t\t<div class=\"elementor-widget-container\">\n\t\t\t\t\t<div class=\"elementor-image-box-wrapper\"><div class=\"elementor-image-box-content\"><h5 class=\"elementor-image-box-title\">Categor\u00eda de cosm\u00e9ticos<\/h5><\/div><\/div>\t\t\t\t<\/div>\n\t\t\t\t<\/div>\n\t\t\t\t<\/div>\n\t\t<div class=\"elementor-element elementor-element-b6f9842 e-con-full e-flex e-con e-child\" data-id=\"b6f9842\" data-element_type=\"container\" data-e-type=\"container\">\n\t\t\t\t<div class=\"elementor-element elementor-element-fdef630 elementor-widget elementor-widget-image\" data-id=\"fdef630\" data-element_type=\"widget\" data-e-type=\"widget\" data-widget_type=\"image.default\">\n\t\t\t\t<div class=\"elementor-widget-container\">\n\t\t\t\t\t\t\t\t\t\t\t\t\t\t\t\t<a href=\"https:\/\/www.1977u.com\/es\/valve-type-structure-pen-tips\/\">\n\t\t\t\t\t\t\t<img loading=\"lazy\" decoding=\"async\" width=\"644\" height=\"402\" src=\"https:\/\/www.1977u.com\/wp-content\/uploads\/2025\/04\/Valve-type-Structure-Pen-Nibs.webp\" class=\"attachment-full size-full wp-image-7509\" alt=\"Valve - structured Pen Tips\" srcset=\"https:\/\/www.1977u.com\/wp-content\/uploads\/2025\/04\/Valve-type-Structure-Pen-Nibs.webp 644w, https:\/\/www.1977u.com\/wp-content\/uploads\/2025\/04\/Valve-type-Structure-Pen-Nibs-300x187.webp 300w, https:\/\/www.1977u.com\/wp-content\/uploads\/2025\/04\/Valve-type-Structure-Pen-Nibs-18x12.webp 18w\" sizes=\"(max-width: 644px) 100vw, 644px\" \/>\t\t\t\t\t\t\t\t<\/a>\n\t\t\t\t\t\t\t\t\t\t\t\t\t\t\t<\/div>\n\t\t\t\t<\/div>\n\t\t\t\t<div class=\"elementor-element elementor-element-9d5093a elementor-widget elementor-widget-image-box\" data-id=\"9d5093a\" data-element_type=\"widget\" data-e-type=\"widget\" data-widget_type=\"image-box.default\">\n\t\t\t\t<div class=\"elementor-widget-container\">\n\t\t\t\t\t<div class=\"elementor-image-box-wrapper\"><div class=\"elementor-image-box-content\"><h5 class=\"elementor-image-box-title\">Puntas de pluma de estructura tipo v\u00e1lvula<\/h5><\/div><\/div>\t\t\t\t<\/div>\n\t\t\t\t<\/div>\n\t\t\t\t<\/div>\n\t\t\t\t\t<\/div>\n\t\t\t\t<\/div>\n\t\t\t\t<\/div>","protected":false},"excerpt":{"rendered":"<p>Specialized Pen Tips Manufacturer This is a factory that conducts in-depth development of pen tips. It has professional products for various purposes and is worthy of reliance! &#8211; Anne Product Classification System The pen tips produced using raw materials such as fibers and resins are collectively referred to as fiber pen tips. There are many [&hellip;]<\/p>\n","protected":false},"author":2,"featured_media":0,"parent":0,"menu_order":0,"comment_status":"closed","ping_status":"closed","template":"","meta":{"site-sidebar-layout":"no-sidebar","site-content-layout":"page-builder","ast-site-content-layout":"full-width-container","site-content-style":"unboxed","site-sidebar-style":"unboxed","ast-global-header-display":"","ast-banner-title-visibility":"","ast-main-header-display":"","ast-hfb-above-header-display":"","ast-hfb-below-header-display":"","ast-hfb-mobile-header-display":"","site-post-title":"disabled","ast-breadcrumbs-content":"","ast-featured-img":"disabled","footer-sml-layout":"","ast-disable-related-posts":"","theme-transparent-header-meta":"enabled","adv-header-id-meta":"","stick-header-meta":"","header-above-stick-meta":"","header-main-stick-meta":"","header-below-stick-meta":"","astra-migrate-meta-layouts":"set","ast-page-background-enabled":"default","ast-page-background-meta":{"desktop":{"background-color":"","background-image":"","background-repeat":"repeat","background-position":"center center","background-size":"auto","background-attachment":"scroll","background-type":"","background-media":"","overlay-type":"","overlay-color":"","overlay-opacity":"","overlay-gradient":""},"tablet":{"background-color":"","background-image":"","background-repeat":"repeat","background-position":"center center","background-size":"auto","background-attachment":"scroll","background-type":"","background-media":"","overlay-type":"","overlay-color":"","overlay-opacity":"","overlay-gradient":""},"mobile":{"background-color":"","background-image":"","background-repeat":"repeat","background-position":"center center","background-size":"auto","background-attachment":"scroll","background-type":"","background-media":"","overlay-type":"","overlay-color":"","overlay-opacity":"","overlay-gradient":""}},"ast-content-background-meta":{"desktop":{"background-color":"var(--ast-global-color-5)","background-image":"","background-repeat":"repeat","background-position":"center center","background-size":"auto","background-attachment":"scroll","background-type":"","background-media":"","overlay-type":"","overlay-color":"","overlay-opacity":"","overlay-gradient":""},"tablet":{"background-color":"var(--ast-global-color-5)","background-image":"","background-repeat":"repeat","background-position":"center center","background-size":"auto","background-attachment":"scroll","background-type":"","background-media":"","overlay-type":"","overlay-color":"","overlay-opacity":"","overlay-gradient":""},"mobile":{"background-color":"var(--ast-global-color-5)","background-image":"","background-repeat":"repeat","background-position":"center center","background-size":"auto","background-attachment":"scroll","background-type":"","background-media":"","overlay-type":"","overlay-color":"","overlay-opacity":"","overlay-gradient":""}},"footnotes":""},"class_list":["post-6","page","type-page","status-publish","hentry"],"aioseo_notices":[],"_links":{"self":[{"href":"https:\/\/www.1977u.com\/es\/wp-json\/wp\/v2\/pages\/6","targetHints":{"allow":["GET"]}}],"collection":[{"href":"https:\/\/www.1977u.com\/es\/wp-json\/wp\/v2\/pages"}],"about":[{"href":"https:\/\/www.1977u.com\/es\/wp-json\/wp\/v2\/types\/page"}],"author":[{"embeddable":true,"href":"https:\/\/www.1977u.com\/es\/wp-json\/wp\/v2\/users\/2"}],"replies":[{"embeddable":true,"href":"https:\/\/www.1977u.com\/es\/wp-json\/wp\/v2\/comments?post=6"}],"version-history":[{"count":613,"href":"https:\/\/www.1977u.com\/es\/wp-json\/wp\/v2\/pages\/6\/revisions"}],"predecessor-version":[{"id":8514,"href":"https:\/\/www.1977u.com\/es\/wp-json\/wp\/v2\/pages\/6\/revisions\/8514"}],"wp:attachment":[{"href":"https:\/\/www.1977u.com\/es\/wp-json\/wp\/v2\/media?parent=6"}],"curies":[{"name":"wp","href":"https:\/\/api.w.org\/{rel}","templated":true}]}}