{"id":8211,"date":"2025-04-29T03:26:57","date_gmt":"2025-04-29T03:26:57","guid":{"rendered":"https:\/\/www.1977u.com\/?page_id=8211"},"modified":"2025-04-29T07:59:47","modified_gmt":"2025-04-29T07:59:47","slug":"about-us","status":"publish","type":"page","link":"https:\/\/www.1977u.com\/de\/about-us\/","title":{"rendered":"about us"},"content":{"rendered":"<div data-elementor-type=\"wp-page\" data-elementor-id=\"8211\" class=\"elementor elementor-8211\" data-elementor-post-type=\"page\">\n\t\t\t\t<div class=\"elementor-element elementor-element-6fa6dc8 e-con-full e-flex e-con e-parent\" data-id=\"6fa6dc8\" data-element_type=\"container\" data-e-type=\"container\" data-settings=\"{&quot;background_background&quot;:&quot;classic&quot;}\">\n\t\t<div class=\"elementor-element elementor-element-4e80127d e-con-full e-flex e-con e-child\" data-id=\"4e80127d\" data-element_type=\"container\" data-e-type=\"container\">\n\t\t\t\t<div class=\"elementor-element elementor-element-8756c09 elementor-widget elementor-widget-heading\" data-id=\"8756c09\" data-element_type=\"widget\" data-e-type=\"widget\" data-widget_type=\"heading.default\">\n\t\t\t\t<div class=\"elementor-widget-container\">\n\t\t\t\t\t<h1 class=\"elementor-heading-title elementor-size-default\">\u00dcber uns<\/h1>\t\t\t\t<\/div>\n\t\t\t\t<\/div>\n\t\t\t\t<\/div>\n\t\t\t\t<\/div>\n\t\t<div class=\"elementor-element elementor-element-528b4881 e-flex e-con-boxed e-con e-parent\" data-id=\"528b4881\" data-element_type=\"container\" data-e-type=\"container\">\n\t\t\t\t\t<div class=\"e-con-inner\">\n\t\t<div class=\"elementor-element elementor-element-1ea4ffbe e-con-full e-flex e-con e-child\" data-id=\"1ea4ffbe\" data-element_type=\"container\" data-e-type=\"container\">\n\t\t\t\t<div class=\"elementor-element elementor-element-359bbf02 elementor-widget elementor-widget-heading\" data-id=\"359bbf02\" data-element_type=\"widget\" data-e-type=\"widget\" data-widget_type=\"heading.default\">\n\t\t\t\t<div class=\"elementor-widget-container\">\n\t\t\t\t\t<h2 class=\"elementor-heading-title elementor-size-default\">Unternehmensprofil<\/h2>\t\t\t\t<\/div>\n\t\t\t\t<\/div>\n\t\t\t\t<div class=\"elementor-element elementor-element-1f570694 elementor-widget-divider--view-line elementor-widget elementor-widget-divider\" data-id=\"1f570694\" data-element_type=\"widget\" data-e-type=\"widget\" data-widget_type=\"divider.default\">\n\t\t\t\t<div class=\"elementor-widget-container\">\n\t\t\t\t\t\t\t<div class=\"elementor-divider\">\n\t\t\t<span class=\"elementor-divider-separator\">\n\t\t\t\t\t\t<\/span>\n\t\t<\/div>\n\t\t\t\t\t\t<\/div>\n\t\t\t\t<\/div>\n\t\t\t\t<div class=\"elementor-element elementor-element-72546f92 elementor-widget elementor-widget-text-editor\" data-id=\"72546f92\" data-element_type=\"widget\" data-e-type=\"widget\" data-widget_type=\"text-editor.default\">\n\t\t\t\t<div class=\"elementor-widget-container\">\n\t\t\t\t\t\t\t\t\t<p>Nach mehr als 20 Jahren Entwicklung hat Yingtong Living Products GmbH in Dongguan einen relativ breiten Gesch\u00e4ftsbereich, der die Forschung, Entwicklung, Gestaltung, Produktion und Vermarktung verschiedener Produkte wie Papierprodukte, Faserprodukte, Aromatherapieprodukte, Haushaltswaren, Autozubeh\u00f6r, Kunsthandwerke, Verpackungsprodukte und Vliesstoffe umfasst. Es hat in vielen Produkten au\u00dfergew\u00f6hnliches Fachwissen und Innovation gezeigt. Das Unternehmen folgt dem Prinzip \"Qualit\u00e4t zuerst, Kunde vorrangig\" und vertritt das Konzept des gegenseitigen Nutzens und des Gewinns f\u00fcr beide Seiten. Mit erstklassiger Technologie, vern\u00fcnftigen Preisen, schneller und p\u00fcnktlicher Lieferung und hochwertigen Services hat es sich in der harten Wettbewerb auf dem Markt hervorgetan. In den vergangenen Jahren hat das Unternehmen durch kontinuierliche Investitionen in Forschung und Entwicklung beeindruckende Ergebnisse auf dem Gebiet des geistigen Eigentums erzielt und eine Reihe von Marken- und Patentinformationen. In Zukunft wird das Unternehmen weiterhin in verschiedenen Produkten tief eindringen, immer weiter innovieren und weltweit Kunden hochwertigere und kreativere Produkte und Services bieten.<\/p>\t\t\t\t\t\t\t\t<\/div>\n\t\t\t\t<\/div>\n\t\t\t\t<\/div>\n\t\t\t\t\t<\/div>\n\t\t\t\t<\/div>\n\t\t<div class=\"elementor-element elementor-element-74c9f304 e-flex e-con-boxed e-con e-parent\" data-id=\"74c9f304\" data-element_type=\"container\" data-e-type=\"container\">\n\t\t\t\t\t<div class=\"e-con-inner\">\n\t\t<div class=\"elementor-element elementor-element-370e018d e-con-full e-flex e-con e-child\" data-id=\"370e018d\" data-element_type=\"container\" data-e-type=\"container\">\n\t\t\t\t<div class=\"elementor-element elementor-element-4f8c28fb elementor-widget elementor-widget-heading\" data-id=\"4f8c28fb\" data-element_type=\"widget\" data-e-type=\"widget\" data-widget_type=\"heading.default\">\n\t\t\t\t<div class=\"elementor-widget-container\">\n\t\t\t\t\t<h4 class=\"elementor-heading-title elementor-size-default\">Unsere Kernwerte<\/h4>\t\t\t\t<\/div>\n\t\t\t\t<\/div>\n\t\t\t\t<div class=\"elementor-element elementor-element-1edcefc4 elementor-widget-divider--view-line elementor-widget elementor-widget-divider\" data-id=\"1edcefc4\" data-element_type=\"widget\" data-e-type=\"widget\" data-widget_type=\"divider.default\">\n\t\t\t\t<div class=\"elementor-widget-container\">\n\t\t\t\t\t\t\t<div class=\"elementor-divider\">\n\t\t\t<span class=\"elementor-divider-separator\">\n\t\t\t\t\t\t<\/span>\n\t\t<\/div>\n\t\t\t\t\t\t<\/div>\n\t\t\t\t<\/div>\n\t\t\t\t<div class=\"elementor-element elementor-element-3143c6ab elementor-icon-list--layout-traditional elementor-list-item-link-full_width elementor-widget elementor-widget-icon-list\" data-id=\"3143c6ab\" data-element_type=\"widget\" data-e-type=\"widget\" data-widget_type=\"icon-list.default\">\n\t\t\t\t<div class=\"elementor-widget-container\">\n\t\t\t\t\t\t\t<ul class=\"elementor-icon-list-items\">\n\t\t\t\t\t\t\t<li class=\"elementor-icon-list-item\">\n\t\t\t\t\t\t\t\t\t\t\t<span class=\"elementor-icon-list-icon\">\n\t\t\t\t\t\t\t<svg aria-hidden=\"true\" class=\"e-font-icon-svg e-fas-minus\" viewbox=\"0 0 448 512\" xmlns=\"http:\/\/www.w3.org\/2000\/svg\"><path d=\"M416 208H32c-17.67 0-32 14.33-32 32v32c0 17.67 14.33 32 32 32h384c17.67 0 32-14.33 32-32v-32c0-17.67-14.33-32-32-32z\"><\/path><\/svg>\t\t\t\t\t\t<\/span>\n\t\t\t\t\t\t\t\t\t\t<span class=\"elementor-icon-list-text\">Innovation kontinuierlich anstreben, die Innovation der Produkttechnologie und -anwendung vorantreiben und den Fortschritt des Unternehmens antreiben.<\/span>\n\t\t\t\t\t\t\t\t\t<\/li>\n\t\t\t\t\t\t\t\t<li class=\"elementor-icon-list-item\">\n\t\t\t\t\t\t\t\t\t\t\t<span class=\"elementor-icon-list-icon\">\n\t\t\t\t\t\t\t<svg aria-hidden=\"true\" class=\"e-font-icon-svg e-fas-minus\" viewbox=\"0 0 448 512\" xmlns=\"http:\/\/www.w3.org\/2000\/svg\"><path d=\"M416 208H32c-17.67 0-32 14.33-32 32v32c0 17.67 14.33 32 32 32h384c17.67 0 32-14.33 32-32v-32c0-17.67-14.33-32-32-32z\"><\/path><\/svg>\t\t\t\t\t\t<\/span>\n\t\t\t\t\t\t\t\t\t\t<span class=\"elementor-icon-list-text\">Halten Sie sich an strenge Qualit\u00e4tsstandards, schaffen Sie hochwertige Produkte und legen Sie die Grundlage f\u00fcr das Ansehen des Unternehmens.<\/span>\n\t\t\t\t\t\t\t\t\t<\/li>\n\t\t\t\t\t\t\t\t<li class=\"elementor-icon-list-item\">\n\t\t\t\t\t\t\t\t\t\t\t<span class=\"elementor-icon-list-icon\">\n\t\t\t\t\t\t\t<svg aria-hidden=\"true\" class=\"e-font-icon-svg e-fas-minus\" viewbox=\"0 0 448 512\" xmlns=\"http:\/\/www.w3.org\/2000\/svg\"><path d=\"M416 208H32c-17.67 0-32 14.33-32 32v32c0 17.67 14.33 32 32 32h384c17.67 0 32-14.33 32-32v-32c0-17.67-14.33-32-32-32z\"><\/path><\/svg>\t\t\t\t\t\t<\/span>\n\t\t\t\t\t\t\t\t\t\t<span class=\"elementor-icon-list-text\">Aktiv mit allen Beteiligten zusammenarbeiten, um die Ressourcenfreigabe und die koordinierte Entwicklung zu f\u00f6rdern und eine gegenseitig vorteilhafte und win-win-Situation zu erreichen.<\/span>\n\t\t\t\t\t\t\t\t\t<\/li>\n\t\t\t\t\t\t<\/ul>\n\t\t\t\t\t\t<\/div>\n\t\t\t\t<\/div>\n\t\t\t\t<\/div>\n\t\t\t\t\t<\/div>\n\t\t\t\t<\/div>\n\t\t<div class=\"elementor-element elementor-element-5f74f61d e-flex e-con-boxed e-con e-parent\" data-id=\"5f74f61d\" data-element_type=\"container\" data-e-type=\"container\">\n\t\t\t\t\t<div class=\"e-con-inner\">\n\t\t<div class=\"elementor-element elementor-element-3af390e3 e-con-full e-flex e-con e-child\" data-id=\"3af390e3\" data-element_type=\"container\" data-e-type=\"container\">\n\t\t\t\t<div class=\"elementor-element elementor-element-62edcb0d elementor-widget elementor-widget-heading\" data-id=\"62edcb0d\" data-element_type=\"widget\" data-e-type=\"widget\" data-widget_type=\"heading.default\">\n\t\t\t\t<div class=\"elementor-widget-container\">\n\t\t\t\t\t<h2 class=\"elementor-heading-title elementor-size-default\">Relevantes Zertifikat<\/h2>\t\t\t\t<\/div>\n\t\t\t\t<\/div>\n\t\t\t\t<div class=\"elementor-element elementor-element-345e3a1e elementor-widget-divider--view-line elementor-widget elementor-widget-divider\" data-id=\"345e3a1e\" data-element_type=\"widget\" data-e-type=\"widget\" data-widget_type=\"divider.default\">\n\t\t\t\t<div class=\"elementor-widget-container\">\n\t\t\t\t\t\t\t<div class=\"elementor-divider\">\n\t\t\t<span class=\"elementor-divider-separator\">\n\t\t\t\t\t\t<\/span>\n\t\t<\/div>\n\t\t\t\t\t\t<\/div>\n\t\t\t\t<\/div>\n\t\t\t\t<div class=\"elementor-element elementor-element-292353be elementor-widget elementor-widget-image\" data-id=\"292353be\" data-element_type=\"widget\" data-e-type=\"widget\" data-widget_type=\"image.default\">\n\t\t\t\t<div class=\"elementor-widget-container\">\n\t\t\t\t\t\t\t\t\t\t\t\t\t\t\t<img fetchpriority=\"high\" decoding=\"async\" width=\"1735\" height=\"562\" src=\"https:\/\/www.1977u.com\/wp-content\/uploads\/2024\/12\/certificate.webp\" class=\"attachment-full size-full wp-image-5577\" alt=\"Paper sticks, including scented paper sticks, lollipop paper sticks, candy paper sticks, cotton swab paper sticks, three-dimensional paper sticks and colored paper sticks\" srcset=\"https:\/\/www.1977u.com\/wp-content\/uploads\/2024\/12\/certificate.webp 1735w, https:\/\/www.1977u.com\/wp-content\/uploads\/2024\/12\/certificate-300x97.webp 300w, https:\/\/www.1977u.com\/wp-content\/uploads\/2024\/12\/certificate-1024x332.webp 1024w, https:\/\/www.1977u.com\/wp-content\/uploads\/2024\/12\/certificate-768x249.webp 768w, https:\/\/www.1977u.com\/wp-content\/uploads\/2024\/12\/certificate-1536x498.webp 1536w, https:\/\/www.1977u.com\/wp-content\/uploads\/2024\/12\/certificate-18x6.webp 18w\" sizes=\"(max-width: 1735px) 100vw, 1735px\" \/>\t\t\t\t\t\t\t\t\t\t\t\t\t\t\t<\/div>\n\t\t\t\t<\/div>\n\t\t\t\t<\/div>\n\t\t\t\t\t<\/div>\n\t\t\t\t<\/div>\n\t\t\t\t<\/div>","protected":false},"excerpt":{"rendered":"<p>About Us Company Profile After more than 20 years of development, Yingtong Living Products Co., Ltd. in Dongguan has a relatively wide business scope, covering the research, development, design, production and sales of various products such as paper products, fiber products, aromatherapy products, household items, automotive supplies, handicrafts, packaging products, and non-woven products. It has [&hellip;]<\/p>\n","protected":false},"author":2,"featured_media":0,"parent":0,"menu_order":0,"comment_status":"closed","ping_status":"closed","template":"","meta":{"site-sidebar-layout":"no-sidebar","site-content-layout":"page-builder","ast-site-content-layout":"full-width-container","site-content-style":"default","site-sidebar-style":"default","ast-global-header-display":"","ast-banner-title-visibility":"","ast-main-header-display":"","ast-hfb-above-header-display":"","ast-hfb-below-header-display":"","ast-hfb-mobile-header-display":"","site-post-title":"disabled","ast-breadcrumbs-content":"","ast-featured-img":"disabled","footer-sml-layout":"","ast-disable-related-posts":"","theme-transparent-header-meta":"","adv-header-id-meta":"","stick-header-meta":"","header-above-stick-meta":"","header-main-stick-meta":"","header-below-stick-meta":"","astra-migrate-meta-layouts":"set","ast-page-background-enabled":"default","ast-page-background-meta":{"desktop":{"background-color":"","background-image":"","background-repeat":"repeat","background-position":"center center","background-size":"auto","background-attachment":"scroll","background-type":"","background-media":"","overlay-type":"","overlay-color":"","overlay-opacity":"","overlay-gradient":""},"tablet":{"background-color":"","background-image":"","background-repeat":"repeat","background-position":"center center","background-size":"auto","background-attachment":"scroll","background-type":"","background-media":"","overlay-type":"","overlay-color":"","overlay-opacity":"","overlay-gradient":""},"mobile":{"background-color":"","background-image":"","background-repeat":"repeat","background-position":"center center","background-size":"auto","background-attachment":"scroll","background-type":"","background-media":"","overlay-type":"","overlay-color":"","overlay-opacity":"","overlay-gradient":""}},"ast-content-background-meta":{"desktop":{"background-color":"var(--ast-global-color-5)","background-image":"","background-repeat":"repeat","background-position":"center center","background-size":"auto","background-attachment":"scroll","background-type":"","background-media":"","overlay-type":"","overlay-color":"","overlay-opacity":"","overlay-gradient":""},"tablet":{"background-color":"var(--ast-global-color-5)","background-image":"","background-repeat":"repeat","background-position":"center center","background-size":"auto","background-attachment":"scroll","background-type":"","background-media":"","overlay-type":"","overlay-color":"","overlay-opacity":"","overlay-gradient":""},"mobile":{"background-color":"var(--ast-global-color-5)","background-image":"","background-repeat":"repeat","background-position":"center center","background-size":"auto","background-attachment":"scroll","background-type":"","background-media":"","overlay-type":"","overlay-color":"","overlay-opacity":"","overlay-gradient":""}},"footnotes":""},"class_list":["post-8211","page","type-page","status-publish","hentry"],"aioseo_notices":[],"_links":{"self":[{"href":"https:\/\/www.1977u.com\/de\/wp-json\/wp\/v2\/pages\/8211","targetHints":{"allow":["GET"]}}],"collection":[{"href":"https:\/\/www.1977u.com\/de\/wp-json\/wp\/v2\/pages"}],"about":[{"href":"https:\/\/www.1977u.com\/de\/wp-json\/wp\/v2\/types\/page"}],"author":[{"embeddable":true,"href":"https:\/\/www.1977u.com\/de\/wp-json\/wp\/v2\/users\/2"}],"replies":[{"embeddable":true,"href":"https:\/\/www.1977u.com\/de\/wp-json\/wp\/v2\/comments?post=8211"}],"version-history":[{"count":13,"href":"https:\/\/www.1977u.com\/de\/wp-json\/wp\/v2\/pages\/8211\/revisions"}],"predecessor-version":[{"id":8287,"href":"https:\/\/www.1977u.com\/de\/wp-json\/wp\/v2\/pages\/8211\/revisions\/8287"}],"wp:attachment":[{"href":"https:\/\/www.1977u.com\/de\/wp-json\/wp\/v2\/media?parent=8211"}],"curies":[{"name":"wp","href":"https:\/\/api.w.org\/{rel}","templated":true}]}}