{"id":6545,"date":"2025-04-07T09:23:08","date_gmt":"2025-04-07T09:23:08","guid":{"rendered":"https:\/\/www.1977u.com\/?page_id=6545"},"modified":"2025-04-29T08:10:05","modified_gmt":"2025-04-29T08:10:05","slug":"pen-tips-about","status":"publish","type":"page","link":"https:\/\/www.1977u.com\/de\/pen-tips-about\/","title":{"rendered":"Pen Tips about"},"content":{"rendered":"<div data-elementor-type=\"wp-page\" data-elementor-id=\"6545\" class=\"elementor elementor-6545\" data-elementor-post-type=\"page\">\n\t\t\t\t<div class=\"elementor-element elementor-element-44a3ea44 e-con-full e-flex e-con e-parent\" data-id=\"44a3ea44\" data-element_type=\"container\" data-e-type=\"container\" data-settings=\"{&quot;background_background&quot;:&quot;classic&quot;}\">\n\t\t<div class=\"elementor-element elementor-element-56bcf7e1 e-con-full e-flex e-con e-child\" data-id=\"56bcf7e1\" data-element_type=\"container\" data-e-type=\"container\">\n\t\t\t\t<div class=\"elementor-element elementor-element-2496bb8b elementor-widget elementor-widget-heading\" data-id=\"2496bb8b\" data-element_type=\"widget\" data-e-type=\"widget\" data-widget_type=\"heading.default\">\n\t\t\t\t<div class=\"elementor-widget-container\">\n\t\t\t\t\t<h1 class=\"elementor-heading-title elementor-size-default\">Wer sind wir?<\/h1>\t\t\t\t<\/div>\n\t\t\t\t<\/div>\n\t\t\t\t<\/div>\n\t\t\t\t<\/div>\n\t\t<div class=\"elementor-element elementor-element-6a9085a3 e-flex e-con-boxed e-con e-parent\" data-id=\"6a9085a3\" data-element_type=\"container\" data-e-type=\"container\">\n\t\t\t\t\t<div class=\"e-con-inner\">\n\t\t<div class=\"elementor-element elementor-element-7fe48057 e-con-full e-flex e-con e-child\" data-id=\"7fe48057\" data-element_type=\"container\" data-e-type=\"container\">\n\t\t\t\t<div class=\"elementor-element elementor-element-100880c8 elementor-widget elementor-widget-heading\" data-id=\"100880c8\" data-element_type=\"widget\" data-e-type=\"widget\" data-widget_type=\"heading.default\">\n\t\t\t\t<div class=\"elementor-widget-container\">\n\t\t\t\t\t<h2 class=\"elementor-heading-title elementor-size-default\">Unternehmensprofil<\/h2>\t\t\t\t<\/div>\n\t\t\t\t<\/div>\n\t\t\t\t<div class=\"elementor-element elementor-element-6ab9d01b elementor-widget-divider--view-line elementor-widget elementor-widget-divider\" data-id=\"6ab9d01b\" data-element_type=\"widget\" data-e-type=\"widget\" data-widget_type=\"divider.default\">\n\t\t\t\t<div class=\"elementor-widget-container\">\n\t\t\t\t\t\t\t<div class=\"elementor-divider\">\n\t\t\t<span class=\"elementor-divider-separator\">\n\t\t\t\t\t\t<\/span>\n\t\t<\/div>\n\t\t\t\t\t\t<\/div>\n\t\t\t\t<\/div>\n\t\t\t\t<div class=\"elementor-element elementor-element-5f831e4b elementor-widget elementor-widget-text-editor\" data-id=\"5f831e4b\" data-element_type=\"widget\" data-e-type=\"widget\" data-widget_type=\"text-editor.default\">\n\t\t\t\t<div class=\"elementor-widget-container\">\n\t\t\t\t\t\t\t\t\t<p>Die Dongguan Yingtong Living Products Co., Ltd. hat bemerkenswerte Ergebnisse auf dem Gebiet des Stiftspitzengesch\u00e4fts erzielt. Als Branchenf\u00fchrer hat es ein elitef\u00f6rmiges Forschungs- und Entwicklungs-Team aufgestellt und sich auf die Erforschung und Entwicklung von Stiftspitzen aus verschiedenen Materialien und f\u00fcr verschiedene Anwendungen konzentriert, darunter normale Fasern, Nylon, Acryl, Polyesterfasern, gesinterte Stiftspitzen usw., um die vielf\u00e4ltigen Bed\u00fcrfnisse der Kunden vollst\u00e4ndig zu befriedigen. Bei der Produktion hat das Unternehmen dank seiner starken technischen St\u00e4rke avancierte Produktionsanlagen eigenst\u00e4ndig entwickelt, die Auswahl der Materialien streng kontrolliert und sichergestellt, dass jeder Prozess pr\u00e4zise ist. Mit seiner hervorragenden Qualit\u00e4t haben die Produkte sowohl auf dem Inland- als auch auf dem Auslandsmarkt Anerkennung gefunden, und die Stiftspitzenprodukte werden gut in Europa und Amerika verkauft. Das Unternehmen verfolgt das Prinzip \"Qualit\u00e4t zuerst, Kunde voran\" und das Konzept des gegenseitigen Nutzens und des Gewinngewinn-Erfolgs und hat in Bezug auf Technologie, Preis, Lieferung und Service das Maximum erreicht. Die kontinuierlichen Investitionen in die Forschung und Entwicklung haben es reich an geistigen Eigentumsleistungen in Bezug auf Stiftspitzen gemacht. In Zukunft wird unsere Firma das Gebiet der Stiftspitzen intensiv bearbeiten, die Innovation steigern und sich verpflichten, globalen Kunden hochwertigere, kreativere und passenderere Stiftspitzenprodukte und -dienste bereitzustellen und die Entwicklung der Branche vorantreiben.<\/p>\t\t\t\t\t\t\t\t<\/div>\n\t\t\t\t<\/div>\n\t\t\t\t<\/div>\n\t\t\t\t\t<\/div>\n\t\t\t\t<\/div>\n\t\t<div class=\"elementor-element elementor-element-1aff7236 e-flex e-con-boxed e-con e-parent\" data-id=\"1aff7236\" data-element_type=\"container\" data-e-type=\"container\">\n\t\t\t\t\t<div class=\"e-con-inner\">\n\t\t<div class=\"elementor-element elementor-element-2bcac87c e-con-full e-flex e-con e-child\" data-id=\"2bcac87c\" data-element_type=\"container\" data-e-type=\"container\">\n\t\t\t\t<div class=\"elementor-element elementor-element-2615387e elementor-widget elementor-widget-heading\" data-id=\"2615387e\" data-element_type=\"widget\" data-e-type=\"widget\" data-widget_type=\"heading.default\">\n\t\t\t\t<div class=\"elementor-widget-container\">\n\t\t\t\t\t<h4 class=\"elementor-heading-title elementor-size-default\">Unsere Kernwerte<\/h4>\t\t\t\t<\/div>\n\t\t\t\t<\/div>\n\t\t\t\t<div class=\"elementor-element elementor-element-7f107656 elementor-widget-divider--view-line elementor-widget elementor-widget-divider\" data-id=\"7f107656\" data-element_type=\"widget\" data-e-type=\"widget\" data-widget_type=\"divider.default\">\n\t\t\t\t<div class=\"elementor-widget-container\">\n\t\t\t\t\t\t\t<div class=\"elementor-divider\">\n\t\t\t<span class=\"elementor-divider-separator\">\n\t\t\t\t\t\t<\/span>\n\t\t<\/div>\n\t\t\t\t\t\t<\/div>\n\t\t\t\t<\/div>\n\t\t\t\t<div class=\"elementor-element elementor-element-20f91f09 elementor-icon-list--layout-traditional elementor-list-item-link-full_width elementor-widget elementor-widget-icon-list\" data-id=\"20f91f09\" data-element_type=\"widget\" data-e-type=\"widget\" data-widget_type=\"icon-list.default\">\n\t\t\t\t<div class=\"elementor-widget-container\">\n\t\t\t\t\t\t\t<ul class=\"elementor-icon-list-items\">\n\t\t\t\t\t\t\t<li class=\"elementor-icon-list-item\">\n\t\t\t\t\t\t\t\t\t\t\t<span class=\"elementor-icon-list-icon\">\n\t\t\t\t\t\t\t<svg aria-hidden=\"true\" class=\"e-font-icon-svg e-fas-minus\" viewbox=\"0 0 448 512\" xmlns=\"http:\/\/www.w3.org\/2000\/svg\"><path d=\"M416 208H32c-17.67 0-32 14.33-32 32v32c0 17.67 14.33 32 32 32h384c17.67 0 32-14.33 32-32v-32c0-17.67-14.33-32-32-32z\"><\/path><\/svg>\t\t\t\t\t\t<\/span>\n\t\t\t\t\t\t\t\t\t\t<span class=\"elementor-icon-list-text\">Innovation kontinuierlich anstreben, die Innovation der Produkttechnologie und -anwendung vorantreiben und den Fortschritt des Unternehmens antreiben.<\/span>\n\t\t\t\t\t\t\t\t\t<\/li>\n\t\t\t\t\t\t\t\t<li class=\"elementor-icon-list-item\">\n\t\t\t\t\t\t\t\t\t\t\t<span class=\"elementor-icon-list-icon\">\n\t\t\t\t\t\t\t<svg aria-hidden=\"true\" class=\"e-font-icon-svg e-fas-minus\" viewbox=\"0 0 448 512\" xmlns=\"http:\/\/www.w3.org\/2000\/svg\"><path d=\"M416 208H32c-17.67 0-32 14.33-32 32v32c0 17.67 14.33 32 32 32h384c17.67 0 32-14.33 32-32v-32c0-17.67-14.33-32-32-32z\"><\/path><\/svg>\t\t\t\t\t\t<\/span>\n\t\t\t\t\t\t\t\t\t\t<span class=\"elementor-icon-list-text\">Halten Sie sich an strenge Qualit\u00e4tsstandards, schaffen Sie hochwertige Produkte und legen Sie die Grundlage f\u00fcr das Ansehen des Unternehmens.<\/span>\n\t\t\t\t\t\t\t\t\t<\/li>\n\t\t\t\t\t\t\t\t<li class=\"elementor-icon-list-item\">\n\t\t\t\t\t\t\t\t\t\t\t<span class=\"elementor-icon-list-icon\">\n\t\t\t\t\t\t\t<svg aria-hidden=\"true\" class=\"e-font-icon-svg e-fas-minus\" viewbox=\"0 0 448 512\" xmlns=\"http:\/\/www.w3.org\/2000\/svg\"><path d=\"M416 208H32c-17.67 0-32 14.33-32 32v32c0 17.67 14.33 32 32 32h384c17.67 0 32-14.33 32-32v-32c0-17.67-14.33-32-32-32z\"><\/path><\/svg>\t\t\t\t\t\t<\/span>\n\t\t\t\t\t\t\t\t\t\t<span class=\"elementor-icon-list-text\">Aktiv mit allen Beteiligten zusammenarbeiten, um die Ressourcenfreigabe und die koordinierte Entwicklung zu f\u00f6rdern und eine gegenseitig vorteilhafte und win-win-Situation zu erreichen.<\/span>\n\t\t\t\t\t\t\t\t\t<\/li>\n\t\t\t\t\t\t<\/ul>\n\t\t\t\t\t\t<\/div>\n\t\t\t\t<\/div>\n\t\t\t\t<\/div>\n\t\t\t\t\t<\/div>\n\t\t\t\t<\/div>\n\t\t<div class=\"elementor-element elementor-element-193c2f0b e-flex e-con-boxed e-con e-parent\" data-id=\"193c2f0b\" data-element_type=\"container\" data-e-type=\"container\">\n\t\t\t\t\t<div class=\"e-con-inner\">\n\t\t<div class=\"elementor-element elementor-element-46565d30 e-con-full e-flex e-con e-child\" data-id=\"46565d30\" data-element_type=\"container\" data-e-type=\"container\">\n\t\t\t\t<div class=\"elementor-element elementor-element-154b4321 elementor-widget elementor-widget-heading\" data-id=\"154b4321\" data-element_type=\"widget\" data-e-type=\"widget\" data-widget_type=\"heading.default\">\n\t\t\t\t<div class=\"elementor-widget-container\">\n\t\t\t\t\t<h2 class=\"elementor-heading-title elementor-size-default\">Relevantes Zertifikat<\/h2>\t\t\t\t<\/div>\n\t\t\t\t<\/div>\n\t\t\t\t<div class=\"elementor-element elementor-element-5f79436d elementor-widget-divider--view-line elementor-widget elementor-widget-divider\" data-id=\"5f79436d\" data-element_type=\"widget\" data-e-type=\"widget\" data-widget_type=\"divider.default\">\n\t\t\t\t<div class=\"elementor-widget-container\">\n\t\t\t\t\t\t\t<div class=\"elementor-divider\">\n\t\t\t<span class=\"elementor-divider-separator\">\n\t\t\t\t\t\t<\/span>\n\t\t<\/div>\n\t\t\t\t\t\t<\/div>\n\t\t\t\t<\/div>\n\t\t\t\t<div class=\"elementor-element elementor-element-65e9c6da elementor-widget elementor-widget-image\" data-id=\"65e9c6da\" data-element_type=\"widget\" data-e-type=\"widget\" data-widget_type=\"image.default\">\n\t\t\t\t<div class=\"elementor-widget-container\">\n\t\t\t\t\t\t\t\t\t\t\t\t\t\t\t<img fetchpriority=\"high\" decoding=\"async\" width=\"1735\" height=\"562\" src=\"https:\/\/1977u.com\/wp-content\/uploads\/2024\/12\/certificate.webp\" class=\"attachment-full size-full wp-image-5577\" alt=\"Paper sticks, including scented paper sticks, lollipop paper sticks, candy paper sticks, cotton swab paper sticks, three-dimensional paper sticks and colored paper sticks\" srcset=\"https:\/\/1977u.com\/wp-content\/uploads\/2024\/12\/certificate.webp 1735w, https:\/\/1977u.com\/wp-content\/uploads\/2024\/12\/certificate-300x97.webp 300w, https:\/\/1977u.com\/wp-content\/uploads\/2024\/12\/certificate-1024x332.webp 1024w, https:\/\/1977u.com\/wp-content\/uploads\/2024\/12\/certificate-768x249.webp 768w, https:\/\/1977u.com\/wp-content\/uploads\/2024\/12\/certificate-1536x498.webp 1536w, https:\/\/1977u.com\/wp-content\/uploads\/2024\/12\/certificate-18x6.webp 18w\" sizes=\"(max-width: 1735px) 100vw, 1735px\" \/>\t\t\t\t\t\t\t\t\t\t\t\t\t\t\t<\/div>\n\t\t\t\t<\/div>\n\t\t\t\t<\/div>\n\t\t\t\t\t<\/div>\n\t\t\t\t<\/div>\n\t\t\t\t<\/div>","protected":false},"excerpt":{"rendered":"<p>Who We Are? Company Profile Dongguan Yingtong Living Products Co., Ltd. has achieved remarkable results in the pen tip business field. As a leader in the industry, it has established an elite R&amp;D team, focusing on the research and development of pen tips of various materials and uses, covering regular fibers, nylon, acrylic, polyester fibers, [&hellip;]<\/p>\n","protected":false},"author":2,"featured_media":0,"parent":0,"menu_order":0,"comment_status":"closed","ping_status":"closed","template":"","meta":{"site-sidebar-layout":"no-sidebar","site-content-layout":"page-builder","ast-site-content-layout":"full-width-container","site-content-style":"default","site-sidebar-style":"default","ast-global-header-display":"","ast-banner-title-visibility":"","ast-main-header-display":"","ast-hfb-above-header-display":"","ast-hfb-below-header-display":"","ast-hfb-mobile-header-display":"","site-post-title":"disabled","ast-breadcrumbs-content":"","ast-featured-img":"disabled","footer-sml-layout":"","ast-disable-related-posts":"","theme-transparent-header-meta":"","adv-header-id-meta":"","stick-header-meta":"","header-above-stick-meta":"","header-main-stick-meta":"","header-below-stick-meta":"","astra-migrate-meta-layouts":"set","ast-page-background-enabled":"default","ast-page-background-meta":{"desktop":{"background-color":"","background-image":"","background-repeat":"repeat","background-position":"center center","background-size":"auto","background-attachment":"scroll","background-type":"","background-media":"","overlay-type":"","overlay-color":"","overlay-opacity":"","overlay-gradient":""},"tablet":{"background-color":"","background-image":"","background-repeat":"repeat","background-position":"center center","background-size":"auto","background-attachment":"scroll","background-type":"","background-media":"","overlay-type":"","overlay-color":"","overlay-opacity":"","overlay-gradient":""},"mobile":{"background-color":"","background-image":"","background-repeat":"repeat","background-position":"center center","background-size":"auto","background-attachment":"scroll","background-type":"","background-media":"","overlay-type":"","overlay-color":"","overlay-opacity":"","overlay-gradient":""}},"ast-content-background-meta":{"desktop":{"background-color":"var(--ast-global-color-5)","background-image":"","background-repeat":"repeat","background-position":"center center","background-size":"auto","background-attachment":"scroll","background-type":"","background-media":"","overlay-type":"","overlay-color":"","overlay-opacity":"","overlay-gradient":""},"tablet":{"background-color":"var(--ast-global-color-5)","background-image":"","background-repeat":"repeat","background-position":"center center","background-size":"auto","background-attachment":"scroll","background-type":"","background-media":"","overlay-type":"","overlay-color":"","overlay-opacity":"","overlay-gradient":""},"mobile":{"background-color":"var(--ast-global-color-5)","background-image":"","background-repeat":"repeat","background-position":"center center","background-size":"auto","background-attachment":"scroll","background-type":"","background-media":"","overlay-type":"","overlay-color":"","overlay-opacity":"","overlay-gradient":""}},"footnotes":""},"class_list":["post-6545","page","type-page","status-publish","hentry"],"aioseo_notices":[],"_links":{"self":[{"href":"https:\/\/www.1977u.com\/de\/wp-json\/wp\/v2\/pages\/6545","targetHints":{"allow":["GET"]}}],"collection":[{"href":"https:\/\/www.1977u.com\/de\/wp-json\/wp\/v2\/pages"}],"about":[{"href":"https:\/\/www.1977u.com\/de\/wp-json\/wp\/v2\/types\/page"}],"author":[{"embeddable":true,"href":"https:\/\/www.1977u.com\/de\/wp-json\/wp\/v2\/users\/2"}],"replies":[{"embeddable":true,"href":"https:\/\/www.1977u.com\/de\/wp-json\/wp\/v2\/comments?post=6545"}],"version-history":[{"count":21,"href":"https:\/\/www.1977u.com\/de\/wp-json\/wp\/v2\/pages\/6545\/revisions"}],"predecessor-version":[{"id":8296,"href":"https:\/\/www.1977u.com\/de\/wp-json\/wp\/v2\/pages\/6545\/revisions\/8296"}],"wp:attachment":[{"href":"https:\/\/www.1977u.com\/de\/wp-json\/wp\/v2\/media?parent=6545"}],"curies":[{"name":"wp","href":"https:\/\/api.w.org\/{rel}","templated":true}]}}